{"id":1031,"date":"2025-05-28T14:41:53","date_gmt":"2025-05-28T14:41:53","guid":{"rendered":"https:\/\/coloquiofronteiras.web.ua.pt\/?page_id=1031"},"modified":"2025-07-31T13:45:21","modified_gmt":"2025-07-31T13:45:21","slug":"lieu-de-levenement","status":"publish","type":"page","link":"https:\/\/coloquiofronteiras.web.ua.pt\/?page_id=1031&lang=fr","title":{"rendered":"Lieu de l\u2019\u00e9v\u00e9nement"},"content":{"rendered":"\n<div class=\"wp-block-group alignfull has-accent-5-background-color has-background has-global-padding is-layout-constrained wp-container-core-group-is-layout-1 wp-block-group-is-layout-constrained\" style=\"margin-top:0;margin-bottom:0;padding-top:var(--wp--preset--spacing--50);padding-right:var(--wp--preset--spacing--50);padding-bottom:var(--wp--preset--spacing--50);padding-left:var(--wp--preset--spacing--50)\">\n<div class=\"wp-block-columns alignwide is-layout-flex wp-container-core-columns-is-layout-1 wp-block-columns-is-layout-flex\">\n<div class=\"wp-block-column is-layout-flow wp-block-column-is-layout-flow\" style=\"flex-basis:40%\">\n<h2 class=\"wp-block-heading has-x-large-font-size\">Universit\u00e9 d&#8217;Aveiro (UA)<\/h2>\n\n\n\n<p>D\u00e9partement d&#8217;\u00c9ducation et de Psychologie<\/p>\n\n\n\n<p>Campus Universitaire de Santiago<\/p>\n\n\n\n<p>3810-193 Aveiro \u2013 Portugal<\/p>\n\n\n\n<p>T\u00e9l\u00e9phone : (+351) 234 370 200<\/p>\n<\/div>\n\n\n\n<div class=\"wp-block-column is-vertically-aligned-center is-layout-flow wp-block-column-is-layout-flow\" style=\"flex-basis:60%\">\n<iframe src=\"https:\/\/www.google.com\/maps\/embed?pb=!1m18!1m12!1m3!1d3027.896099543454!2d-8.660984223514669!3d40.632173271405854!2m3!1f0!2f0!3f0!3m2!1i1024!2i768!4f13.1!3m3!1m2!1s0xd23a2aadce2b44f%3A0xbc67396b79716d66!2sDepartamento%20de%20Educa%C3%A7%C3%A3o%20e%20Psicologia!5e0!3m2!1spt-PT!2spt!4v1739803351990!5m2!1spt-PT!2spt\" width=\"600\" height=\"450\" style=\"border:0;\" allowfullscreen=\"\" loading=\"lazy\" referrerpolicy=\"no-referrer-when-downgrade\"><\/iframe>\n<\/div>\n<\/div>\n<\/div>\n\n\n\n<div class=\"wp-block-group alignfull has-global-padding is-layout-constrained wp-container-core-group-is-layout-6 wp-block-group-is-layout-constrained\" style=\"padding-top:var(--wp--preset--spacing--50);padding-right:var(--wp--preset--spacing--50);padding-bottom:var(--wp--preset--spacing--50);padding-left:var(--wp--preset--spacing--50)\">\n<div class=\"wp-block-columns alignwide are-vertically-aligned-top is-layout-flex wp-container-core-columns-is-layout-2 wp-block-columns-is-layout-flex\">\n<div class=\"wp-block-column is-vertically-aligned-top is-layout-flow wp-block-column-is-layout-flow\" style=\"flex-basis:33%\">\n<p class=\"has-heading-font-family has-x-large-font-size\" style=\"line-height:1.2\">Comment s&#8217;y rendre<\/p>\n<\/div>\n\n\n\n<div class=\"wp-block-column is-vertically-aligned-top is-layout-flow wp-container-core-column-is-layout-4 wp-block-column-is-layout-flow\">\n<div class=\"wp-block-group is-nowrap is-layout-flex wp-container-core-group-is-layout-4 wp-block-group-is-layout-flex\">\n<div class=\"wp-block-group is-vertical is-content-justification-left is-nowrap is-layout-flex wp-container-core-group-is-layout-2 wp-block-group-is-layout-flex\">\n<p class=\"has-x-large-font-size\" style=\"font-style:normal;font-weight:500\"><strong>De Porto \u00e0 Aveiro<\/strong><\/p>\n\n\n\n<p class=\"has-large-font-size\">Si vous prenez l\u2019avion \u00e0 Porto, la meilleure fa\u00e7on de vous rendre \u00e0 Aveiro est de prendre le m\u00e9tro puis le <a href=\"https:\/\/www.cp.pt\/passageiros\/en\/train-times\" target=\"_blank\" rel=\"noreferrer noopener\">train<\/a> (environ 40 minutes de m\u00e9tro et 1 heure de train). La meilleure gare de Porto pour ce voyage est Porto-Campanh\u00e3. Le trajet de l\u2019a\u00e9roport de Porto \u00e0 la gare de Porto-Campanh\u00e3 peut se faire en taxi\/Uber ou en m\u00e9tro (moins cher, environ 40 minutes). Vous pouvez prendre le <a href=\"http:\/\/en.metrodoporto.pt\/\" target=\"_blank\" rel=\"noreferrer noopener\">m\u00e9tro<\/a> juste \u00e0 la sortie de l\u2019a\u00e9roport et vous rendre \u00e0 Porto-Campanh\u00e3, o\u00f9 vous trouverez des trains r\u00e9guliers pour Aveiro. L\u2019option la moins ch\u00e8re est de prendre le train urbain (U). L\u2019option la plus rapide (mais plus ch\u00e8re) est de prendre le train Alfa Pendular (AP).<\/p>\n<\/div>\n\n\n\n<div class=\"wp-block-group is-vertical is-content-justification-left is-nowrap is-layout-flex wp-container-core-group-is-layout-3 wp-block-group-is-layout-flex\">\n<p class=\"has-x-large-font-size\" style=\"font-style:normal;font-weight:500\"><strong>De Lisbonne \u00e0 Aveiro<\/strong><\/p>\n\n\n\n<p class=\"has-large-font-size\">Si vous prenez l\u2019avion pour Lisbonne, le meilleur moyen de vous rendre \u00e0 Aveiro est \u00e9galement le <a href=\"https:\/\/www.cp.pt\/passageiros\/en\/train-times\" target=\"_blank\" rel=\"noreferrer noopener\">train<\/a> (environ 2h30m de trajet). La meilleure gare de Lisbonne pour ce trajet est Lisboa-Oriente. Le trajet de l\u2019a\u00e9roport de Lisbonne \u00e0 la gare Lisboa-Oriente peut se faire en <a href=\"http:\/\/www.carris.pt\/en\/buslines\/pesquisa\/?origem=Aeroporto&amp;destino=Esta%E7%E3o+Oriente+%28Interface%29\" target=\"_blank\" rel=\"noreferrer noopener\">bus<\/a>, en taxi\/Uber ou en m\u00e9tro (moins cher, environ 15 minutes). Vous pouvez prendre le <a href=\"http:\/\/www.metrolisboa.pt\/eng\/\" target=\"_blank\" rel=\"noreferrer noopener\">&nbsp;m\u00e9tro<\/a> juste \u00e0 la sortie de l\u2019a\u00e9roport et vous rendre \u00e0 Lisboa-Oriente, o\u00f9 vous trouverez des trains r\u00e9guliers pour Aveiro. L\u2019option la moins ch\u00e8re est de prendre le train Intercidades (IC). L\u2019option la plus rapide (mais plus ch\u00e8re) est de prendre le train Alfa Pendular (AP).<\/p>\n<\/div>\n<\/div>\n\n\n\n<div class=\"wp-block-group is-nowrap is-layout-flex wp-container-core-group-is-layout-5 wp-block-group-is-layout-flex\">\n<p class=\"has-large-font-size\"><strong>De la gare d&#8217;Aveiro \u00e0 l&#8217;universit\u00e9 d&#8217;Aveiro<\/strong><br><br>La gare d\u2019Aveiro se trouve \u00e0 une distance de 2 km du D\u00e9partement d\u2019\u00c9ducation et de Psychologie de l\u2019universit\u00e9 d\u2019Aveiro. Vous pouvez faire ce trajet \u00e0 pied (environ 30 minutes), en bus, en taxi ou en Uber. Comme il y a deux sorties, vous devrez sortir de la gare par son entr\u00e9e principale, o\u00f9 vous verrez une belle fresque de carreaux.<\/p>\n<\/div>\n<\/div>\n<\/div>\n<\/div>\n\n\n\n<div class=\"wp-block-columns alignwide are-vertically-aligned-center is-layout-flex wp-container-core-columns-is-layout-3 wp-block-columns-is-layout-flex\">\n<div class=\"wp-block-column is-vertically-aligned-center is-layout-flow wp-block-column-is-layout-flow\">\n<div class=\"wp-block-group is-vertical is-content-justification-stretch is-layout-flex wp-container-core-group-is-layout-7 wp-block-group-is-layout-flex\" style=\"min-height:100%\">\n<h2 class=\"wp-block-heading is-style-text-display has-x-large-font-size is-style-text-display--1\">Contact<\/h2>\n\n\n\n<p class=\"is-style-text-display has-large-font-size is-style-text-display--2\">dep-coloquio.fronteira@ua.pt<\/p>\n<\/div>\n<\/div>\n\n\n\n<div class=\"wp-block-column is-vertically-aligned-center is-layout-flow wp-block-column-is-layout-flow\">\n<figure class=\"wp-block-image size-large\"><img loading=\"lazy\" decoding=\"async\" width=\"1024\" height=\"682\" src=\"https:\/\/coloquiofronteiras.web.ua.pt\/wp-content\/uploads\/2025\/02\/DJI_0829-1024x682.jpg\" alt=\"\" class=\"wp-image-99\" srcset=\"https:\/\/coloquiofronteiras.web.ua.pt\/wp-content\/uploads\/2025\/02\/DJI_0829-1024x682.jpg 1024w, https:\/\/coloquiofronteiras.web.ua.pt\/wp-content\/uploads\/2025\/02\/DJI_0829-300x200.jpg 300w, https:\/\/coloquiofronteiras.web.ua.pt\/wp-content\/uploads\/2025\/02\/DJI_0829-768x512.jpg 768w, https:\/\/coloquiofronteiras.web.ua.pt\/wp-content\/uploads\/2025\/02\/DJI_0829-1536x1023.jpg 1536w, https:\/\/coloquiofronteiras.web.ua.pt\/wp-content\/uploads\/2025\/02\/DJI_0829-2048x1364.jpg 2048w\" sizes=\"auto, (max-width: 1024px) 100vw, 1024px\" \/><figcaption class=\"wp-element-caption\"><sub>D\u00e9partement d&#8217;\u00e9ducation et de psychologie (DEP) de l&#8217;Universit\u00e9 d&#8217;Aveiro (UA) &#8211; b\u00e2timents 5 et 18. Photo de l&#8217;Universit\u00e9 d&#8217;Aveiro<\/sub><\/figcaption><\/figure>\n<\/div>\n<\/div>\n","protected":false},"excerpt":{"rendered":"<p>Universit\u00e9 d&#8217;Aveiro (UA) D\u00e9partement d&#8217;\u00c9ducation et de Psychologie Campus Universitaire de Santiago 3810-193 Aveiro \u2013 Portugal T\u00e9l\u00e9phone : (+351) 234 370 200 Comment s&#8217;y rendre De Porto \u00e0 Aveiro Si vous prenez l\u2019avion \u00e0 Porto, la meilleure fa\u00e7on de vous rendre \u00e0 Aveiro est de prendre le m\u00e9tro puis le train (environ 40 minutes de [&hellip;]<\/p>\n","protected":false},"author":3,"featured_media":0,"parent":0,"menu_order":5,"comment_status":"closed","ping_status":"closed","template":"","meta":{"footnotes":""},"class_list":["post-1031","page","type-page","status-publish","hentry"],"_links":{"self":[{"href":"https:\/\/coloquiofronteiras.web.ua.pt\/index.php?rest_route=\/wp\/v2\/pages\/1031","targetHints":{"allow":["GET"]}}],"collection":[{"href":"https:\/\/coloquiofronteiras.web.ua.pt\/index.php?rest_route=\/wp\/v2\/pages"}],"about":[{"href":"https:\/\/coloquiofronteiras.web.ua.pt\/index.php?rest_route=\/wp\/v2\/types\/page"}],"author":[{"embeddable":true,"href":"https:\/\/coloquiofronteiras.web.ua.pt\/index.php?rest_route=\/wp\/v2\/users\/3"}],"replies":[{"embeddable":true,"href":"https:\/\/coloquiofronteiras.web.ua.pt\/index.php?rest_route=%2Fwp%2Fv2%2Fcomments&post=1031"}],"version-history":[{"count":3,"href":"https:\/\/coloquiofronteiras.web.ua.pt\/index.php?rest_route=\/wp\/v2\/pages\/1031\/revisions"}],"predecessor-version":[{"id":1622,"href":"https:\/\/coloquiofronteiras.web.ua.pt\/index.php?rest_route=\/wp\/v2\/pages\/1031\/revisions\/1622"}],"wp:attachment":[{"href":"https:\/\/coloquiofronteiras.web.ua.pt\/index.php?rest_route=%2Fwp%2Fv2%2Fmedia&parent=1031"}],"curies":[{"name":"wp","href":"https:\/\/api.w.org\/{rel}","templated":true}]}}