{"id":1055,"date":"2025-05-28T15:11:13","date_gmt":"2025-05-28T15:11:13","guid":{"rendered":"https:\/\/coloquiofronteiras.web.ua.pt\/?page_id=1055"},"modified":"2025-09-15T16:54:42","modified_gmt":"2025-09-15T16:54:42","slug":"soumission","status":"publish","type":"page","link":"https:\/\/coloquiofronteiras.web.ua.pt\/?page_id=1055&lang=fr","title":{"rendered":"Soumission"},"content":{"rendered":"\n<div class=\"wp-block-group alignfull has-background is-layout-flow wp-block-group-is-layout-flow\" style=\"background-color:#f2f0e9;padding-right:var(--wp--preset--spacing--40);padding-left:var(--wp--preset--spacing--40)\">\n<div style=\"height:70px\" aria-hidden=\"true\" class=\"wp-block-spacer\"><\/div>\n\n\n\n<div class=\"wp-block-columns alignwide is-layout-flex wp-container-core-columns-is-layout-1 wp-block-columns-is-layout-flex\">\n<div class=\"wp-block-column is-layout-flow wp-block-column-is-layout-flow\" style=\"flex-basis:50%\">\n<p class=\"has-text-align-right has-text-color has-x-large-font-size\" style=\"color:#000000;line-height:1.1\"><strong>Soumission des propositions<\/strong><\/p>\n<\/div>\n\n\n\n<div class=\"wp-block-column is-vertically-aligned-center is-layout-flow wp-block-column-is-layout-flow\" style=\"flex-basis:50%\">\n<hr class=\"wp-block-separator has-text-color has-css-opacity has-background is-style-wide is-style-wide--1\" style=\"background-color:#000000;color:#000000\"\/>\n<\/div>\n<\/div>\n\n\n\n<div class=\"wp-block-columns alignwide is-layout-flex wp-container-core-columns-is-layout-2 wp-block-columns-is-layout-flex\">\n<div class=\"wp-block-column is-layout-flow wp-block-column-is-layout-flow\"><\/div>\n\n\n\n<div class=\"wp-block-column is-layout-flow wp-block-column-is-layout-flow\">\n<p class=\"has-large-font-size\">Les propositions doivent \u00eatre soumises sur la plateforme Easychair \u00e0 l&#8217;adresse <a href=\"https:\/\/easychair.org\/conferences\/?conf=fronteiras2025\" target=\"_blank\" rel=\"noreferrer noopener\">https:\/\/easychair.org\/conferences\/?conf=fronteiras2025<\/a> avant le <s>5<\/s> <strong>20 juin 2025<\/strong> [nouvelle date].<\/p>\n\n\n\n<p class=\"has-large-font-size\">Le r\u00e9sum\u00e9 devra \u00eatre soumis dans l&#8217;une des langues du colloque : portugais, allemand, espagnol, fran\u00e7ais, anglais ou italien.<\/p>\n\n\n\n<p class=\"has-text-color has-large-font-size\" style=\"color:#000000\">Les propositions doivent respecter le format indiqu\u00e9 par l&#8217;organisation (disponible en t\u00e9l\u00e9chargement ci-dessous) et inclure:<\/p>\n\n\n\n<ul class=\"wp-block-list\">\n<li>titre<\/li>\n\n\n\n<li><a href=\"https:\/\/coloquiofronteiras.web.ua.pt\/?page_id=815&amp;lang=fr\" target=\"_blank\" rel=\"noreferrer noopener\">axe th\u00e9matique<\/a>;<\/li>\n\n\n\n<li>type de soumission (communication ou symposium)<\/li>\n\n\n\n<li>mots-cl\u00e9s (entre 3 et 5)<\/li>\n\n\n\n<li>r\u00e9sum\u00e9 (entre 300 et 500 mots, bibliographie non incluse): contextualisation, cadre th\u00e9orique, description de l&#8217;\u00e9tude empirique (si applicable), contributions \u00e0 la r\u00e9flexion sur le domaine<\/li>\n\n\n\n<li>R\u00e9f\u00e9rences bibliographiques (entre 3 et 5)<\/li>\n<\/ul>\n\n\n\n<div class=\"wp-block-buttons is-layout-flex wp-block-buttons-is-layout-flex\">\n<div class=\"wp-block-button\"><a class=\"wp-block-button__link wp-element-button\" href=\"https:\/\/coloquiofronteiras.web.ua.pt\/wp-content\/uploads\/2025\/02\/Modelo-proposta-de-comunicacao_anonimizado.docx\" target=\"_blank\" rel=\"noreferrer noopener\">T\u00e9l\u00e9charger le mod\u00e8le de soumission<\/a><\/div>\n\n\n\n<div class=\"wp-block-button\"><a class=\"wp-block-button__link wp-element-button\" href=\"https:\/\/coloquiofronteiras.web.ua.pt\/wp-content\/uploads\/2025\/07\/Modelo-comunicacao_com-dados.docx\">Mod\u00e8le de soumission avec informations sur l&#8217;auteur<\/a><\/div>\n<\/div>\n\n\n\n<div style=\"height:20px\" aria-hidden=\"true\" class=\"wp-block-spacer\"><\/div>\n\n\n\n<h2 class=\"wp-block-heading has-x-large-font-size\">Type de Soumission<\/h2>\n\n\n\n<p class=\"has-large-font-size\"><strong>Communication <\/strong>&#8211; Pr\u00e9sentation individuelle dans les axes th\u00e9matiques de l\u2019\u00e9v\u00e9nement. 20 minutes de pr\u00e9sentation + 10 minutes pour les questions<\/p>\n\n\n\n<p class=\"has-large-font-size\"><strong>Symposium<\/strong> \u2013 Les symposiums sont pr\u00e9vus pour une dur\u00e9e de 90 minutes et doivent inclure entre 3 et 4 communications. Le responsable de l\u2019organisation du symposium devra:<\/p>\n\n\n\n<ul class=\"wp-block-list has-large-font-size\">\n<li>r\u00e9diger un r\u00e9sum\u00e9 du symposium \u00e0 inclure dans le champ r\u00e9sum\u00e9 sur la plateforme Easychair;<\/li>\n\n\n\n<li>collecter les r\u00e9sum\u00e9s de chaque participant;<\/li>\n\n\n\n<li>soumettre la proposition en t\u00e9l\u00e9chargeant un fichier Word contenant tous les r\u00e9sum\u00e9s (r\u00e9sum\u00e9 du symposium et des communications qui le composent) conform\u00e9ment aux indications ci-dessus.<\/li>\n<\/ul>\n<\/div>\n<\/div>\n\n\n\n<div style=\"height:var(--wp--preset--spacing--30)\" aria-hidden=\"true\" class=\"wp-block-spacer\"><\/div>\n\n\n\n<div style=\"height:40px\" aria-hidden=\"true\" class=\"wp-block-spacer\"><\/div>\n<\/div>\n\n\n\n<div class=\"wp-block-group alignfull has-global-padding is-layout-constrained wp-container-core-group-is-layout-3 wp-block-group-is-layout-constrained\" style=\"min-height:0vh;margin-top:0;margin-bottom:0;padding-top:var(--wp--preset--spacing--70);padding-right:var(--wp--preset--spacing--40);padding-bottom:var(--wp--preset--spacing--70);padding-left:var(--wp--preset--spacing--40)\">\n<div class=\"wp-block-group has-global-padding is-layout-constrained wp-container-core-group-is-layout-2 wp-block-group-is-layout-constrained\">\n<div class=\"wp-block-buttons is-content-justification-center is-layout-flex wp-container-core-buttons-is-layout-2 wp-block-buttons-is-layout-flex\">\n<div class=\"wp-block-button\"><a class=\"wp-block-button__link wp-element-button\" href=\"https:\/\/coloquiofronteiras.web.ua.pt\/?page_id=815&amp;lang=fr\" target=\"_blank\" rel=\"noreferrer noopener\">Pr\u00e9sentation<\/a><\/div>\n\n\n\n<div class=\"wp-block-button\"><a class=\"wp-block-button__link wp-element-button\" href=\"https:\/\/coloquiofronteiras.web.ua.pt\/?page_id=1046&amp;lang=fr\">Dates importantes<\/a><\/div>\n<\/div>\n<\/div>\n<\/div>\n\n\n\n<div class=\"wp-block-group alignfull has-background is-layout-flow wp-block-group-is-layout-flow\" style=\"background-color:#f2f0e9;padding-top:0;padding-right:var(--wp--preset--spacing--40);padding-bottom:0;padding-left:var(--wp--preset--spacing--40)\">\n<div style=\"height:70px\" aria-hidden=\"true\" class=\"wp-block-spacer\"><\/div>\n\n\n\n<div class=\"wp-block-columns alignwide is-layout-flex wp-container-core-columns-is-layout-3 wp-block-columns-is-layout-flex\">\n<div class=\"wp-block-column is-layout-flow wp-block-column-is-layout-flow\" style=\"flex-basis:50%\">\n<p class=\"has-text-align-right has-text-color has-x-large-font-size\" style=\"color:#000000;line-height:1.1\"><strong>Langues de l&#8217;\u00e9v\u00e9nement<\/strong><\/p>\n<\/div>\n\n\n\n<div class=\"wp-block-column is-vertically-aligned-center is-layout-flow wp-block-column-is-layout-flow\" style=\"flex-basis:50%\">\n<hr class=\"wp-block-separator has-text-color has-css-opacity has-background is-style-wide is-style-wide--2\" style=\"background-color:#000000;color:#000000\"\/>\n<\/div>\n<\/div>\n\n\n\n<div class=\"wp-block-columns alignwide is-layout-flex wp-container-core-columns-is-layout-4 wp-block-columns-is-layout-flex\">\n<div class=\"wp-block-column is-layout-flow wp-block-column-is-layout-flow\"><\/div>\n\n\n\n<div class=\"wp-block-column is-layout-flow wp-block-column-is-layout-flow\">\n<p class=\"has-text-color has-large-font-size\" style=\"color:#000000\">L\u2019\u00e9v\u00e9nement sera plurilingue, avec des pr\u00e9sentations possibles en portugais, allemand, espagnol, fran\u00e7ais, anglais ou italien.<\/p>\n\n\n\n<p>Les pr\u00e9sentations doivent \u00eatre bilingues : par exemple, la pr\u00e9sentation doit \u00eatre dans une langue et l&#8217;expos\u00e9 oral dans une autre.<\/p>\n<\/div>\n<\/div>\n\n\n\n<div style=\"height:40px\" aria-hidden=\"true\" class=\"wp-block-spacer\"><\/div>\n<\/div>\n\n\n\n<div class=\"wp-block-group alignfull has-background is-layout-flow wp-block-group-is-layout-flow\" style=\"background-color:#f2f0e9;padding-right:var(--wp--preset--spacing--40);padding-left:var(--wp--preset--spacing--40)\">\n<div style=\"height:70px\" aria-hidden=\"true\" class=\"wp-block-spacer\"><\/div>\n\n\n\n<div class=\"wp-block-columns alignwide is-layout-flex wp-container-core-columns-is-layout-5 wp-block-columns-is-layout-flex\">\n<div class=\"wp-block-column is-layout-flow wp-block-column-is-layout-flow\" style=\"flex-basis:50%\">\n<p class=\"has-text-align-right has-text-color has-x-large-font-size\" style=\"color:#000000;line-height:1.1\"><strong>Format<\/strong><\/p>\n<\/div>\n\n\n\n<div class=\"wp-block-column is-vertically-aligned-center is-layout-flow wp-block-column-is-layout-flow\" style=\"flex-basis:50%\">\n<hr class=\"wp-block-separator has-text-color has-css-opacity has-background is-style-wide is-style-wide--3\" style=\"background-color:#000000;color:#000000\"\/>\n<\/div>\n<\/div>\n\n\n\n<div class=\"wp-block-columns alignwide is-layout-flex wp-container-core-columns-is-layout-6 wp-block-columns-is-layout-flex\">\n<div class=\"wp-block-column is-layout-flow wp-block-column-is-layout-flow\"><\/div>\n\n\n\n<div class=\"wp-block-column is-layout-flow wp-block-column-is-layout-flow\">\n<p class=\"has-text-color has-large-font-size\" style=\"color:#000000\">L&#8217;\u00e9v\u00e9nement est en pr\u00e9sentiel. Cependant, il est pr\u00e9vu la possibilit\u00e9 de communications en format virtuel. Les participants souhaitant opter pour ce format devront l\u2019indiquer \u00e0 la fin de leur proposition de r\u00e9sum\u00e9. Les pr\u00e9sentations en format virtuel seront limit\u00e9es \u00e0 l&#8217;un des jours du Colloque et n\u00e9cessitent une inscription avec le paiement correspondant. L&#8217;\u00e9v\u00e9nement en pr\u00e9sentiel ne sera pas diffus\u00e9 en ligne.<\/p>\n<\/div>\n<\/div>\n\n\n\n<div style=\"height:40px\" aria-hidden=\"true\" class=\"wp-block-spacer\"><\/div>\n<\/div>\n\n\n\n<div class=\"wp-block-group alignfull has-background is-layout-flow wp-block-group-is-layout-flow\" style=\"background-color:#f2f0e9;padding-right:var(--wp--preset--spacing--40);padding-left:var(--wp--preset--spacing--40)\">\n<div style=\"height:70px\" aria-hidden=\"true\" class=\"wp-block-spacer\"><\/div>\n\n\n\n<div class=\"wp-block-columns alignwide is-layout-flex wp-container-core-columns-is-layout-7 wp-block-columns-is-layout-flex\">\n<div class=\"wp-block-column is-layout-flow wp-block-column-is-layout-flow\" style=\"flex-basis:50%\">\n<p class=\"has-text-align-right has-text-color has-x-large-font-size\" style=\"color:#000000;line-height:1.1\"><strong>Publication des Travaux<\/strong><\/p>\n<\/div>\n\n\n\n<div class=\"wp-block-column is-vertically-aligned-center is-layout-flow wp-block-column-is-layout-flow\" style=\"flex-basis:50%\">\n<hr class=\"wp-block-separator has-text-color has-css-opacity has-background is-style-wide is-style-wide--4\" style=\"background-color:#000000;color:#000000\"\/>\n<\/div>\n<\/div>\n\n\n\n<div class=\"wp-block-columns alignwide is-layout-flex wp-container-core-columns-is-layout-8 wp-block-columns-is-layout-flex\">\n<div class=\"wp-block-column is-layout-flow wp-block-column-is-layout-flow\"><\/div>\n\n\n\n<div class=\"wp-block-column is-layout-flow wp-block-column-is-layout-flow\">\n<p class=\"has-text-color has-large-font-size\" style=\"color:#000000\">Les travaux pr\u00e9sent\u00e9s pourront \u00eatre int\u00e9gr\u00e9s dans un recueil multilingue publi\u00e9 par Peter Lang, intitul\u00e9 <em>Plurilinguisme et Interculturalit\u00e9 aux Fronti\u00e8res : D\u00e9fis et Perspectives pour l&#8217;Enseignement et la Formation<\/em>. L&#8217;ouvrage sera co\u00e9dit\u00e9 par Maria Helena de Ara\u00fajo e S\u00e1 (Universit\u00e9 d&#8217;Aveiro, Portugal) et Thayse Figueira Guimar\u00e3es (Universit\u00e9 F\u00e9d\u00e9rale de Grande Dourados, Br\u00e9sil).<\/p>\n<\/div>\n<\/div>\n\n\n\n<div style=\"height:40px\" aria-hidden=\"true\" class=\"wp-block-spacer\"><\/div>\n<\/div>\n\n\n\n<p><\/p>\n","protected":false},"excerpt":{"rendered":"<p>Soumission des propositions Les propositions doivent \u00eatre soumises sur la plateforme Easychair \u00e0 l&#8217;adresse https:\/\/easychair.org\/conferences\/?conf=fronteiras2025 avant le 5 20 juin 2025 [nouvelle date]. Le r\u00e9sum\u00e9 devra \u00eatre soumis dans l&#8217;une des langues du colloque : portugais, allemand, espagnol, fran\u00e7ais, anglais ou italien. Les propositions doivent respecter le format indiqu\u00e9 par l&#8217;organisation (disponible en t\u00e9l\u00e9chargement ci-dessous) [&hellip;]<\/p>\n","protected":false},"author":3,"featured_media":0,"parent":0,"menu_order":2,"comment_status":"closed","ping_status":"closed","template":"","meta":{"footnotes":""},"class_list":["post-1055","page","type-page","status-publish","hentry"],"_links":{"self":[{"href":"https:\/\/coloquiofronteiras.web.ua.pt\/index.php?rest_route=\/wp\/v2\/pages\/1055","targetHints":{"allow":["GET"]}}],"collection":[{"href":"https:\/\/coloquiofronteiras.web.ua.pt\/index.php?rest_route=\/wp\/v2\/pages"}],"about":[{"href":"https:\/\/coloquiofronteiras.web.ua.pt\/index.php?rest_route=\/wp\/v2\/types\/page"}],"author":[{"embeddable":true,"href":"https:\/\/coloquiofronteiras.web.ua.pt\/index.php?rest_route=\/wp\/v2\/users\/3"}],"replies":[{"embeddable":true,"href":"https:\/\/coloquiofronteiras.web.ua.pt\/index.php?rest_route=%2Fwp%2Fv2%2Fcomments&post=1055"}],"version-history":[{"count":8,"href":"https:\/\/coloquiofronteiras.web.ua.pt\/index.php?rest_route=\/wp\/v2\/pages\/1055\/revisions"}],"predecessor-version":[{"id":1700,"href":"https:\/\/coloquiofronteiras.web.ua.pt\/index.php?rest_route=\/wp\/v2\/pages\/1055\/revisions\/1700"}],"wp:attachment":[{"href":"https:\/\/coloquiofronteiras.web.ua.pt\/index.php?rest_route=%2Fwp%2Fv2%2Fmedia&parent=1055"}],"curies":[{"name":"wp","href":"https:\/\/api.w.org\/{rel}","templated":true}]}}