{"id":111,"date":"2025-02-17T16:16:06","date_gmt":"2025-02-17T16:16:06","guid":{"rendered":"https:\/\/coloquiofronteiras.web.ua.pt\/?page_id=111"},"modified":"2025-05-28T13:17:59","modified_gmt":"2025-05-28T13:17:59","slug":"local","status":"publish","type":"page","link":"https:\/\/coloquiofronteiras.web.ua.pt\/?page_id=111","title":{"rendered":"Local"},"content":{"rendered":"\n<div class=\"wp-block-group alignfull has-accent-5-background-color has-background has-global-padding is-layout-constrained wp-container-core-group-is-layout-1 wp-block-group-is-layout-constrained\" style=\"margin-top:0;margin-bottom:0;padding-top:var(--wp--preset--spacing--50);padding-right:var(--wp--preset--spacing--50);padding-bottom:var(--wp--preset--spacing--50);padding-left:var(--wp--preset--spacing--50)\">\n<div class=\"wp-block-columns alignwide is-layout-flex wp-container-core-columns-is-layout-1 wp-block-columns-is-layout-flex\">\n<div class=\"wp-block-column is-layout-flow wp-block-column-is-layout-flow\" style=\"flex-basis:40%\">\n<h2 class=\"wp-block-heading has-x-large-font-size\">Universidade de Aveiro (UA)<\/h2>\n\n\n\n<p class=\"has-large-font-size\">Departamento de Educa\u00e7\u00e3o e Psicologia<\/p>\n\n\n\n<p class=\"has-large-font-size\">Campus Universit\u00e1rio de Santiago<\/p>\n\n\n\n<p class=\"has-large-font-size\">3810-193 Aveiro \u2013 Portugal<\/p>\n\n\n\n<p class=\"has-large-font-size\">Telefone: (+351) 234 370 200<\/p>\n<\/div>\n\n\n\n<div class=\"wp-block-column is-vertically-aligned-center is-layout-flow wp-block-column-is-layout-flow\" style=\"flex-basis:60%\">\n<iframe src=\"https:\/\/www.google.com\/maps\/embed?pb=!1m18!1m12!1m3!1d3027.896099543454!2d-8.660984223514669!3d40.632173271405854!2m3!1f0!2f0!3f0!3m2!1i1024!2i768!4f13.1!3m3!1m2!1s0xd23a2aadce2b44f%3A0xbc67396b79716d66!2sDepartamento%20de%20Educa%C3%A7%C3%A3o%20e%20Psicologia!5e0!3m2!1spt-PT!2spt!4v1739803351990!5m2!1spt-PT!2spt\" width=\"600\" height=\"450\" style=\"border:0;\" allowfullscreen=\"\" loading=\"lazy\" referrerpolicy=\"no-referrer-when-downgrade\"><\/iframe>\n<\/div>\n<\/div>\n<\/div>\n\n\n\n<div class=\"wp-block-group alignfull has-global-padding is-layout-constrained wp-container-core-group-is-layout-6 wp-block-group-is-layout-constrained\" style=\"padding-top:var(--wp--preset--spacing--50);padding-right:var(--wp--preset--spacing--50);padding-bottom:var(--wp--preset--spacing--50);padding-left:var(--wp--preset--spacing--50)\">\n<div class=\"wp-block-columns alignwide is-layout-flex wp-container-core-columns-is-layout-2 wp-block-columns-is-layout-flex\">\n<div class=\"wp-block-column is-vertically-aligned-top is-layout-flow wp-block-column-is-layout-flow\" style=\"flex-basis:33%\">\n<p class=\"has-heading-font-family has-x-large-font-size\" style=\"line-height:1.2\">Como chegar<\/p>\n<\/div>\n\n\n\n<div class=\"wp-block-column is-vertically-aligned-top is-layout-flow wp-container-core-column-is-layout-4 wp-block-column-is-layout-flow\">\n<div class=\"wp-block-group is-nowrap is-layout-flex wp-container-core-group-is-layout-4 wp-block-group-is-layout-flex\">\n<div class=\"wp-block-group is-vertical is-content-justification-left is-nowrap is-layout-flex wp-container-core-group-is-layout-2 wp-block-group-is-layout-flex\">\n<p class=\"has-x-large-font-size\" style=\"font-style:normal;font-weight:500\"><strong>Do Porto para Aveiro<\/strong><\/p>\n\n\n\n<p class=\"has-large-font-size\">Se estiver a voar para o Porto, a melhor forma de viajar para Aveiro \u00e9 de <a href=\"https:\/\/www.cp.pt\/passageiros\/en\/train-times\" target=\"_blank\" rel=\"noreferrer noopener\">comboio<\/a> (aproximadamente 1h de viagem). A melhor esta\u00e7\u00e3o para esta viagem \u00e9 Porto-Campanh\u00e3. O percurso do aeroporto do Porto para a esta\u00e7\u00e3o Porto-Campanh\u00e3 pode ser feita de t\u00e1xi\/Uber ou via metro (mais econ\u00f3mica, dura\u00e7\u00e3o de cerca de 40 minutos). Poder\u00e1 apanhar o <a href=\"http:\/\/en.metrodoporto.pt\/\" target=\"_blank\" rel=\"noreferrer noopener\">metro<\/a> \u00e0 sa\u00edda do areoporto em dire\u00e7\u00e3o a Porto-Campanh\u00e3, onde encontrar\u00e1 comboios regulares para Aveiro. A op\u00e7\u00e3o mais econ\u00f3mica ser\u00e3o os comboios urbanos (U). A mais r\u00e1pida (mas menos econ\u00f3mica) ser\u00e1 apanhar o comboio Alfa Pendular (AP).<\/p>\n<\/div>\n\n\n\n<div class=\"wp-block-group is-vertical is-content-justification-left is-nowrap is-layout-flex wp-container-core-group-is-layout-3 wp-block-group-is-layout-flex\">\n<p class=\"has-x-large-font-size\" style=\"font-style:normal;font-weight:500\"><strong>De Lisboa para Aveiro<\/strong><\/p>\n\n\n\n<p class=\"has-large-font-size\">Se estiver a voar para Lisboa, a melhor forma de viajar para Aveiro \u00e9 tamb\u00e9m de <a href=\"https:\/\/www.cp.pt\/passageiros\/en\/train-times\" target=\"_blank\" rel=\"noreferrer noopener\">comboio<\/a> (aproximadamente 2h30m de viagem). A melhor esta\u00e7\u00e3o de Lisboa para esta viagem \u00e9 Lisboa-Oriente. O percurso do aeroporto de Lisboa para a esta\u00e7\u00e3o Lisboa-Oriente pode ser feita de <a href=\"https:\/\/www.carris.pt\/\" target=\"_blank\" rel=\"noreferrer noopener\">autocarro<\/a>, t\u00e1xi\/Uber or de metro (mais econ\u00f3mica, dura\u00e7\u00e3o de cerca de 15 minutos). Poder\u00e1 apanhar o <a href=\"http:\/\/www.metrolisboa.pt\/eng\/\" target=\"_blank\" rel=\"noreferrer noopener\">metro<\/a> \u00e0 sa\u00edda do aeroporto em dire\u00e7\u00e3o a Lisboa-Oriente, onde encontrar\u00e1 comboios regulares para Aveiro. op\u00e7\u00e3o mais econ\u00f3mica ser\u00e3o os comboios Intercidades (IC). A mais r\u00e1pida (mas menos econ\u00f3mica) ser\u00e1 apanhar o comboio Alfa Pendular (AP).<\/p>\n<\/div>\n<\/div>\n\n\n\n<div class=\"wp-block-group is-nowrap is-layout-flex wp-container-core-group-is-layout-5 wp-block-group-is-layout-flex\">\n<p class=\"has-large-font-size\"><strong>Da esta\u00e7\u00e3o de Aveiro para a Universidade de Aveiro<\/strong><br><br>A esta\u00e7\u00e3o de comboios de Aveiro est\u00e1 a cerca de 2km do Departamento de Educa\u00e7\u00e3o e Psicologia da Universidade de Aveiro. Poder\u00e1 fazer esta viagem a p\u00e9 (aproximadamente 30 minutos), autocarro, t\u00e1xi ou Uber. Para o efeito, dever\u00e1 sair da esta\u00e7\u00e3o pela porta da frente, onde encontrar\u00e1 um belo painel de azulejos.<\/p>\n<\/div>\n<\/div>\n<\/div>\n<\/div>\n\n\n\n<div class=\"wp-block-columns alignwide are-vertically-aligned-center is-layout-flex wp-container-core-columns-is-layout-3 wp-block-columns-is-layout-flex\">\n<div class=\"wp-block-column is-vertically-aligned-center is-layout-flow wp-block-column-is-layout-flow\">\n<div class=\"wp-block-group is-vertical is-content-justification-stretch is-layout-flex wp-container-core-group-is-layout-7 wp-block-group-is-layout-flex\" style=\"min-height:100%\">\n<h2 class=\"wp-block-heading is-style-text-display has-x-large-font-size is-style-text-display--1\">Contacto<\/h2>\n\n\n\n<p class=\"is-style-text-display has-large-font-size is-style-text-display--2\">dep-coloquio.fronteira@ua.pt<\/p>\n<\/div>\n<\/div>\n\n\n\n<div class=\"wp-block-column is-vertically-aligned-center is-layout-flow wp-block-column-is-layout-flow\">\n<figure class=\"wp-block-image size-large\"><img loading=\"lazy\" decoding=\"async\" width=\"1024\" height=\"682\" src=\"https:\/\/coloquiofronteiras.web.ua.pt\/wp-content\/uploads\/2025\/02\/DJI_0829-1024x682.jpg\" alt=\"\" class=\"wp-image-99\" srcset=\"https:\/\/coloquiofronteiras.web.ua.pt\/wp-content\/uploads\/2025\/02\/DJI_0829-1024x682.jpg 1024w, https:\/\/coloquiofronteiras.web.ua.pt\/wp-content\/uploads\/2025\/02\/DJI_0829-300x200.jpg 300w, https:\/\/coloquiofronteiras.web.ua.pt\/wp-content\/uploads\/2025\/02\/DJI_0829-768x512.jpg 768w, https:\/\/coloquiofronteiras.web.ua.pt\/wp-content\/uploads\/2025\/02\/DJI_0829-1536x1023.jpg 1536w, https:\/\/coloquiofronteiras.web.ua.pt\/wp-content\/uploads\/2025\/02\/DJI_0829-2048x1364.jpg 2048w\" sizes=\"auto, (max-width: 1024px) 100vw, 1024px\" \/><figcaption class=\"wp-element-caption\"><sub>Departamento de Educa\u00e7\u00e3o e Psicologia (DEP) da Universidade de Aveiro (UA) \u2013 edif\u00edcios 5 e 18. Fotografia por Universidade de Aveiro<\/sub><\/figcaption><\/figure>\n<\/div>\n<\/div>\n\n\n\n<p><\/p>\n","protected":false},"excerpt":{"rendered":"<p>Universidade de Aveiro (UA) Departamento de Educa\u00e7\u00e3o e Psicologia Campus Universit\u00e1rio de Santiago 3810-193 Aveiro \u2013 Portugal Telefone: (+351) 234 370 200 Como chegar Do Porto para Aveiro Se estiver a voar para o Porto, a melhor forma de viajar para Aveiro \u00e9 de comboio (aproximadamente 1h de viagem). A melhor esta\u00e7\u00e3o para esta viagem [&hellip;]<\/p>\n","protected":false},"author":3,"featured_media":0,"parent":0,"menu_order":5,"comment_status":"closed","ping_status":"closed","template":"","meta":{"footnotes":""},"class_list":["post-111","page","type-page","status-publish","hentry"],"_links":{"self":[{"href":"https:\/\/coloquiofronteiras.web.ua.pt\/index.php?rest_route=\/wp\/v2\/pages\/111","targetHints":{"allow":["GET"]}}],"collection":[{"href":"https:\/\/coloquiofronteiras.web.ua.pt\/index.php?rest_route=\/wp\/v2\/pages"}],"about":[{"href":"https:\/\/coloquiofronteiras.web.ua.pt\/index.php?rest_route=\/wp\/v2\/types\/page"}],"author":[{"embeddable":true,"href":"https:\/\/coloquiofronteiras.web.ua.pt\/index.php?rest_route=\/wp\/v2\/users\/3"}],"replies":[{"embeddable":true,"href":"https:\/\/coloquiofronteiras.web.ua.pt\/index.php?rest_route=%2Fwp%2Fv2%2Fcomments&post=111"}],"version-history":[{"count":6,"href":"https:\/\/coloquiofronteiras.web.ua.pt\/index.php?rest_route=\/wp\/v2\/pages\/111\/revisions"}],"predecessor-version":[{"id":986,"href":"https:\/\/coloquiofronteiras.web.ua.pt\/index.php?rest_route=\/wp\/v2\/pages\/111\/revisions\/986"}],"wp:attachment":[{"href":"https:\/\/coloquiofronteiras.web.ua.pt\/index.php?rest_route=%2Fwp%2Fv2%2Fmedia&parent=111"}],"curies":[{"name":"wp","href":"https:\/\/api.w.org\/{rel}","templated":true}]}}