{"id":1628,"date":"2025-09-09T09:17:33","date_gmt":"2025-09-09T09:17:33","guid":{"rendered":"https:\/\/coloquiofronteiras.web.ua.pt\/?page_id=1628"},"modified":"2025-09-09T09:18:12","modified_gmt":"2025-09-09T09:18:12","slug":"alojamento","status":"publish","type":"page","link":"https:\/\/coloquiofronteiras.web.ua.pt\/?page_id=1628","title":{"rendered":"Alojamento"},"content":{"rendered":"\n<div class=\"wp-block-group alignfull has-global-padding is-layout-constrained wp-block-group-is-layout-constrained\" style=\"margin-top:0;margin-bottom:0;padding-top:var(--wp--preset--spacing--60);padding-bottom:var(--wp--preset--spacing--60)\">\n<p class=\"has-text-align-left\">Alojamento com condi\u00e7\u00f5es especiais para participantes do col\u00f3quio Fronteiras<\/p>\n\n\n\n<div style=\"height:var(--wp--preset--spacing--40)\" aria-hidden=\"true\" class=\"wp-block-spacer\"><\/div>\n\n\n\n<div class=\"wp-block-columns alignwide is-layout-flex wp-container-core-columns-is-layout-1 wp-block-columns-is-layout-flex\">\n<div class=\"wp-block-column has-border-color is-layout-flow wp-block-column-is-layout-flow\" style=\"border-color:var(--wp--preset--color--accent-6);border-width:1px;border-radius:10px;padding-top:var(--wp--preset--spacing--50);padding-right:var(--wp--preset--spacing--50);padding-bottom:var(--wp--preset--spacing--50);padding-left:var(--wp--preset--spacing--50)\">\n<h3 class=\"wp-block-heading\" id=\"free\"><a href=\"https:\/\/www.hotelaveirocenter.com\" target=\"_blank\" rel=\"noreferrer noopener\"><strong>Hotel Aveiro Center<\/strong><\/a><\/h3>\n\n\n\n<ul style=\"padding-bottom:var(--wp--preset--spacing--20);padding-left:var(--wp--preset--spacing--20)\" class=\"wp-block-list is-style-checkmark-list has-small-font-size\">\n<li><strong>Rating:<\/strong> ***<\/li>\n\n\n\n<li><strong>Telefone:<\/strong> +351 234 380&nbsp;390<\/li>\n\n\n\n<li><strong>E-mail:<\/strong> <a href=\"mailto:reservas@hotelaveirocenter.com\">reservas@hotelaveirocenter.com<\/a><\/li>\n\n\n\n<li>Desconto de 10% mediante apresenta\u00e7\u00e3o do c\u00f3digo \u201c<strong>COL\u00d3QUIO FRONTEIRAS<\/strong>\u201d.<\/li>\n<\/ul>\n\n\n\n<div class=\"wp-block-buttons is-content-justification-center is-layout-flex wp-container-core-buttons-is-layout-1 wp-block-buttons-is-layout-flex\">\n<div class=\"wp-block-button has-custom-width wp-block-button__width-100\"><a class=\"wp-block-button__link wp-element-button\" href=\"https:\/\/www.grupoalboi.com\/pt\/Hotel-Aveiro-Center\/Home\" target=\"_blank\" rel=\"noreferrer noopener\">website<\/a><\/div>\n<\/div>\n<\/div>\n\n\n\n<div class=\"wp-block-column has-border-color is-layout-flow wp-block-column-is-layout-flow\" style=\"border-color:var(--wp--preset--color--accent-6);border-width:1px;border-radius:10px;padding-top:var(--wp--preset--spacing--50);padding-right:var(--wp--preset--spacing--50);padding-bottom:var(--wp--preset--spacing--50);padding-left:var(--wp--preset--spacing--50)\">\n<h3 class=\"wp-block-heading\" id=\"single\"><a href=\"https:\/\/www.grupoalboi.com\/pt\/Hotel-Salinas\/Home\" target=\"_blank\" rel=\"noreferrer noopener\"><strong>Hotel das Salinas<\/strong><\/a><\/h3>\n\n\n\n<ul style=\"padding-bottom:var(--wp--preset--spacing--20);padding-left:var(--wp--preset--spacing--20)\" class=\"wp-block-list is-style-checkmark-list has-small-font-size\">\n<li><strong>Rating:<\/strong> ***<\/li>\n\n\n\n<li><strong>Telefone:<\/strong> +351 234 404&nbsp;190<\/li>\n\n\n\n<li><strong>E-mail:<\/strong> <a href=\"mailto:reservas@hoteldassalinas.com\">reservas@hoteldassalinas.com<\/a><\/li>\n\n\n\n<li>Desconto de 10% mediante apresenta\u00e7\u00e3o do c\u00f3digo \u201c<strong>COL\u00d3QUIO FRONTEIRAS<\/strong>\u201d.<\/li>\n<\/ul>\n\n\n\n<div class=\"wp-block-buttons is-content-justification-center is-layout-flex wp-container-core-buttons-is-layout-2 wp-block-buttons-is-layout-flex\">\n<div class=\"wp-block-button has-custom-width wp-block-button__width-100\"><a class=\"wp-block-button__link wp-element-button\" href=\"https:\/\/www.grupoalboi.com\/pt\/Hotel-Salinas\/Home\" target=\"_blank\" rel=\"noreferrer noopener\">website<\/a><\/div>\n<\/div>\n<\/div>\n<\/div>\n<\/div>\n\n\n\n<div class=\"wp-block-group alignfull has-global-padding is-layout-constrained wp-block-group-is-layout-constrained\" style=\"margin-top:0;margin-bottom:0;padding-top:var(--wp--preset--spacing--60);padding-bottom:var(--wp--preset--spacing--60)\">\n<div class=\"wp-block-columns alignwide is-layout-flex wp-container-core-columns-is-layout-2 wp-block-columns-is-layout-flex\">\n<div class=\"wp-block-column has-border-color is-layout-flow wp-block-column-is-layout-flow\" style=\"border-color:var(--wp--preset--color--accent-6);border-width:1px;border-radius:10px;padding-top:var(--wp--preset--spacing--50);padding-right:var(--wp--preset--spacing--50);padding-bottom:var(--wp--preset--spacing--50);padding-left:var(--wp--preset--spacing--50)\">\n<h3 class=\"wp-block-heading\" id=\"free\"><strong><strong><a href=\"https:\/\/securept2.e-gds.com\/grupoalboi\/shoppingcart\/availability.aspx?hotelid=1172\" target=\"_blank\" rel=\"noreferrer noopener\">Hotel do Alboi<\/a><\/strong><\/strong><\/h3>\n\n\n\n<ul style=\"padding-bottom:var(--wp--preset--spacing--20);padding-left:var(--wp--preset--spacing--20)\" class=\"wp-block-list is-style-checkmark-list has-small-font-size\">\n<li><strong>Rating:<\/strong> ****<\/li>\n\n\n\n<li><strong>Telefone:<\/strong> +351 234 404&nbsp;190<\/li>\n\n\n\n<li><strong>E-mail:<\/strong> <a href=\"mailto:info@alojamentodoalboi.com\">info@alojamentodoalboi.com<\/a><\/li>\n\n\n\n<li>Desconto de 10% mediante apresenta\u00e7\u00e3o do c\u00f3digo \u201c<strong>COL\u00d3QUIO FRONTEIRAS<\/strong>\u201d.<\/li>\n<\/ul>\n\n\n\n<div class=\"wp-block-buttons is-content-justification-center is-layout-flex wp-container-core-buttons-is-layout-3 wp-block-buttons-is-layout-flex\">\n<div class=\"wp-block-button has-custom-width wp-block-button__width-100\"><a class=\"wp-block-button__link wp-element-button\" href=\"https:\/\/securept2.e-gds.com\/grupoalboi\/shoppingcart\/availability.aspx?hotelid=1172\" target=\"_blank\" rel=\"noreferrer noopener\">website<\/a><\/div>\n<\/div>\n<\/div>\n\n\n\n<div class=\"wp-block-column has-border-color is-layout-flow wp-block-column-is-layout-flow\" style=\"border-color:var(--wp--preset--color--accent-6);border-width:1px;border-radius:10px;padding-top:var(--wp--preset--spacing--50);padding-right:var(--wp--preset--spacing--50);padding-bottom:var(--wp--preset--spacing--50);padding-left:var(--wp--preset--spacing--50)\">\n<h3 class=\"wp-block-heading\" id=\"single\"><strong><a href=\"https:\/\/www.hotelafonsov.pt\/index.php\/en\/\" target=\"_blank\" rel=\"noreferrer noopener\">Hotel Afonso V<\/a><\/strong><\/h3>\n\n\n\n<ul style=\"padding-bottom:var(--wp--preset--spacing--20);padding-left:var(--wp--preset--spacing--20)\" class=\"wp-block-list is-style-checkmark-list has-small-font-size\">\n<li><strong>Rating:<\/strong> ***<\/li>\n\n\n\n<li><strong>Telefone:<\/strong> +351 234 425&nbsp;191<\/li>\n\n\n\n<li><strong>E-mail:<\/strong> <a href=\"mailto:info@hotelafonsov.pt\">info@hotelafonsov.pt<\/a><\/li>\n\n\n\n<li>Valores para participantes do col\u00f3quio:\n<ul class=\"wp-block-list\">\n<li>Quarto Single \u2013 55,00\u20ac<\/li>\n\n\n\n<li>Quarto Duplo \u2013 70,00\u20ac<\/li>\n\n\n\n<li>Quarto Triplo \u2013 90,55\u20ac<\/li>\n<\/ul>\n<\/li>\n<\/ul>\n\n\n\n<div class=\"wp-block-buttons is-content-justification-center is-layout-flex wp-container-core-buttons-is-layout-4 wp-block-buttons-is-layout-flex\">\n<div class=\"wp-block-button has-custom-width wp-block-button__width-100\"><a class=\"wp-block-button__link wp-element-button\" href=\"https:\/\/www.hotelafonsov.pt\/index.php\/en\/\" target=\"_blank\" rel=\"noreferrer noopener\">website<\/a><\/div>\n<\/div>\n<\/div>\n<\/div>\n<\/div>\n\n\n\n<p><\/p>\n","protected":false},"excerpt":{"rendered":"<p>Alojamento com condi\u00e7\u00f5es especiais para participantes do col\u00f3quio Fronteiras Hotel Aveiro Center Hotel das Salinas Hotel do Alboi Hotel Afonso V<\/p>\n","protected":false},"author":3,"featured_media":0,"parent":0,"menu_order":7,"comment_status":"closed","ping_status":"closed","template":"","meta":{"footnotes":""},"class_list":["post-1628","page","type-page","status-publish","hentry"],"_links":{"self":[{"href":"https:\/\/coloquiofronteiras.web.ua.pt\/index.php?rest_route=\/wp\/v2\/pages\/1628","targetHints":{"allow":["GET"]}}],"collection":[{"href":"https:\/\/coloquiofronteiras.web.ua.pt\/index.php?rest_route=\/wp\/v2\/pages"}],"about":[{"href":"https:\/\/coloquiofronteiras.web.ua.pt\/index.php?rest_route=\/wp\/v2\/types\/page"}],"author":[{"embeddable":true,"href":"https:\/\/coloquiofronteiras.web.ua.pt\/index.php?rest_route=\/wp\/v2\/users\/3"}],"replies":[{"embeddable":true,"href":"https:\/\/coloquiofronteiras.web.ua.pt\/index.php?rest_route=%2Fwp%2Fv2%2Fcomments&post=1628"}],"version-history":[{"count":2,"href":"https:\/\/coloquiofronteiras.web.ua.pt\/index.php?rest_route=\/wp\/v2\/pages\/1628\/revisions"}],"predecessor-version":[{"id":1637,"href":"https:\/\/coloquiofronteiras.web.ua.pt\/index.php?rest_route=\/wp\/v2\/pages\/1628\/revisions\/1637"}],"wp:attachment":[{"href":"https:\/\/coloquiofronteiras.web.ua.pt\/index.php?rest_route=%2Fwp%2Fv2%2Fmedia&parent=1628"}],"curies":[{"name":"wp","href":"https:\/\/api.w.org\/{rel}","templated":true}]}}