{"id":21,"date":"2025-02-17T16:11:59","date_gmt":"2025-02-17T16:11:59","guid":{"rendered":"https:\/\/coloquiofronteiras.web.ua.pt\/?page_id=21"},"modified":"2025-06-06T16:12:33","modified_gmt":"2025-06-06T16:12:33","slug":"home","status":"publish","type":"page","link":"https:\/\/coloquiofronteiras.web.ua.pt\/","title":{"rendered":"Home"},"content":{"rendered":"\n<div style=\"height:100px\" aria-hidden=\"true\" class=\"wp-block-spacer\"><\/div>\n\n\n\n<p class=\"is-style-default\" style=\"padding-top:var(--wp--preset--spacing--20);padding-right:0;padding-bottom:var(--wp--preset--spacing--20);padding-left:0\">A Universidade de Aveiro (UA) convida investigadores, formadores, professores e demais interessados a submeterem trabalhos para o <strong>Col\u00f3quio Internacional sobre Plurilinguismo e Interculturalidade nas Fronteiras \u2013 Desafios e Perspetivas para o Ensino e a Forma\u00e7\u00e3o<\/strong>, que ocorrer\u00e1 nos dias <strong>06 e 07 de novembro de 2025<\/strong>.<\/p>\n\n\n\n<p style=\"padding-top:var(--wp--preset--spacing--20);padding-right:0;padding-bottom:var(--wp--preset--spacing--20);padding-left:0\">Tendo em vista aprofundar a compreens\u00e3o da complexa realidade das regi\u00f5es fronteiri\u00e7as e os desafios espec\u00edficos que esta realidade imp\u00f5e \u00e0 educa\u00e7\u00e3o, o evento fomentar\u00e1 reflex\u00f5es e di\u00e1logos sobre o ensino, aprendizagem e forma\u00e7\u00e3o docente em contextos de fronteira, considerando o impacto das intera\u00e7\u00f5es lingu\u00edsticas e culturais, das pr\u00e1ticas pedag\u00f3gicas e das pol\u00edticas lingu\u00edsticas orientadas para o plurilinguismo e a interculturalidade.<\/p>\n\n\n\n<div style=\"height:20px\" aria-hidden=\"true\" class=\"wp-block-spacer\"><\/div>\n\n\n\n<div class=\"wp-block-buttons is-content-justification-left is-layout-flex wp-container-core-buttons-is-layout-1 wp-block-buttons-is-layout-flex\">\n<div class=\"wp-block-button\"><a class=\"wp-block-button__link wp-element-button\" href=\"https:\/\/coloquiofronteiras.web.ua.pt\/?page_id=30\" target=\"_blank\" rel=\"noreferrer noopener\">Apresenta\u00e7\u00e3o<\/a><\/div>\n<\/div>\n\n\n\n<div class=\"wp-block-group alignfull has-global-padding is-layout-constrained wp-container-core-group-is-layout-6 wp-block-group-is-layout-constrained\" style=\"margin-top:0;margin-bottom:0;padding-right:0;padding-left:0\">\n<div class=\"wp-block-group alignwide is-layout-flow wp-container-core-group-is-layout-5 wp-block-group-is-layout-flow\" style=\"padding-top:var(--wp--preset--spacing--50);padding-bottom:var(--wp--preset--spacing--50)\">\n<h2 class=\"wp-block-heading has-x-large-font-size\">Eixos Tem\u00e1ticos<\/h2>\n\n\n\n<div class=\"wp-block-columns is-layout-flex wp-container-core-columns-is-layout-1 wp-block-columns-is-layout-flex\">\n<div class=\"wp-block-column is-layout-flow wp-block-column-is-layout-flow\">\n<div class=\"wp-block-group is-layout-flow wp-block-group-is-layout-flow\" style=\"border-top-color:var(--wp--preset--color--accent-6);border-top-width:1px;padding-top:var(--wp--preset--spacing--30);padding-bottom:var(--wp--preset--spacing--30)\">\n<ul class=\"wp-block-list\">\n<li style=\"font-style:normal;font-weight:400\"><strong>Pol\u00edticas lingu\u00edsticas educativas em regi\u00f5es fronteiri\u00e7as:<\/strong><br>cen\u00e1rios educativos, desafios e potencialidades do ensino de l\u00ednguas.<\/li>\n<\/ul>\n<\/div>\n<\/div>\n\n\n\n<div class=\"wp-block-column is-layout-flow wp-block-column-is-layout-flow\">\n<div class=\"wp-block-group is-layout-flow wp-block-group-is-layout-flow\" style=\"border-top-color:var(--wp--preset--color--accent-6);border-top-width:1px;padding-top:var(--wp--preset--spacing--30);padding-bottom:var(--wp--preset--spacing--30)\">\n<ul class=\"wp-block-list\">\n<li style=\"font-style:normal;font-weight:400\"><strong>Did\u00e1ticas transfronteiri\u00e7as:<\/strong><br>pr\u00e1ticas pedag\u00f3gicas em contextos multilingues; educa\u00e7\u00e3o, cultura e identidade.<\/li>\n<\/ul>\n<\/div>\n<\/div>\n<\/div>\n\n\n\n<div class=\"wp-block-columns is-layout-flex wp-container-core-columns-is-layout-2 wp-block-columns-is-layout-flex\">\n<div class=\"wp-block-column is-layout-flow wp-block-column-is-layout-flow\">\n<div class=\"wp-block-group is-layout-flow wp-block-group-is-layout-flow\" style=\"border-top-color:var(--wp--preset--color--accent-6);border-top-width:1px;padding-top:var(--wp--preset--spacing--30);padding-bottom:var(--wp--preset--spacing--30)\">\n<ul class=\"wp-block-list\">\n<li style=\"font-style:normal;font-weight:400\"><strong>Representa\u00e7\u00f5es sociolingu\u00edsticas:<\/strong><br>cren\u00e7as e atitudes sobre l\u00ednguas-culturas vizinhas e seu impacto no ensino-aprendizagem.<\/li>\n<\/ul>\n<\/div>\n<\/div>\n\n\n\n<div class=\"wp-block-column is-layout-flow wp-block-column-is-layout-flow\">\n<div class=\"wp-block-group is-layout-flow wp-block-group-is-layout-flow\" style=\"border-top-color:var(--wp--preset--color--accent-6);border-top-width:1px;padding-top:var(--wp--preset--spacing--30);padding-bottom:var(--wp--preset--spacing--30)\">\n<ul class=\"wp-block-list\">\n<li style=\"font-style:normal;font-weight:400\"><strong>Forma\u00e7\u00e3o docente:<\/strong><br>Cen\u00e1rio de forma\u00e7\u00e3o em contextos plurilingues e identidade profissional docente.<\/li>\n<\/ul>\n<\/div>\n<\/div>\n<\/div>\n<\/div>\n<\/div>\n\n\n\n<div class=\"wp-block-group alignfull has-global-padding is-layout-constrained wp-block-group-is-layout-constrained\" style=\"margin-top:0;margin-bottom:0;padding-top:var(--wp--preset--spacing--50);padding-bottom:var(--wp--preset--spacing--50)\">\n<div class=\"wp-block-columns alignwide is-layout-flex wp-container-core-columns-is-layout-3 wp-block-columns-is-layout-flex\">\n<div class=\"wp-block-column is-layout-flow wp-block-column-is-layout-flow\" style=\"flex-basis:56%\">\n<figure class=\"wp-block-image size-full wp-duotone-unset-1\"><img loading=\"lazy\" decoding=\"async\" width=\"2560\" height=\"1707\" src=\"https:\/\/coloquiofronteiras.web.ua.pt\/wp-content\/uploads\/2025\/02\/pexels-altaf-shah-3143825-19194187-scaled.jpg\" alt=\"\" class=\"wp-image-255\" style=\"aspect-ratio:1;object-fit:cover\" srcset=\"https:\/\/coloquiofronteiras.web.ua.pt\/wp-content\/uploads\/2025\/02\/pexels-altaf-shah-3143825-19194187-scaled.jpg 2560w, https:\/\/coloquiofronteiras.web.ua.pt\/wp-content\/uploads\/2025\/02\/pexels-altaf-shah-3143825-19194187-300x200.jpg 300w, https:\/\/coloquiofronteiras.web.ua.pt\/wp-content\/uploads\/2025\/02\/pexels-altaf-shah-3143825-19194187-1024x683.jpg 1024w, https:\/\/coloquiofronteiras.web.ua.pt\/wp-content\/uploads\/2025\/02\/pexels-altaf-shah-3143825-19194187-768x512.jpg 768w, https:\/\/coloquiofronteiras.web.ua.pt\/wp-content\/uploads\/2025\/02\/pexels-altaf-shah-3143825-19194187-1536x1024.jpg 1536w, https:\/\/coloquiofronteiras.web.ua.pt\/wp-content\/uploads\/2025\/02\/pexels-altaf-shah-3143825-19194187-2048x1365.jpg 2048w\" sizes=\"auto, (max-width: 2560px) 100vw, 2560px\" \/><figcaption class=\"wp-element-caption\">Photo by Altaf Shah: https:\/\/www.pexels.com\/photo\/plants-behind-gap-in-rough-wall-19194187\/<\/figcaption><\/figure>\n<\/div>\n\n\n\n<div class=\"wp-block-column is-vertically-aligned-center is-layout-flow wp-container-core-column-is-layout-6 wp-block-column-is-layout-flow\">\n<h2 class=\"wp-block-heading has-x-large-font-size\">Submiss\u00e3o e apresenta\u00e7\u00e3o de trabalhos<\/h2>\n\n\n\n<p class=\"has-large-font-size\">O evento ser\u00e1 bilingue, com uma das l\u00ednguas sendo portugu\u00eas, alem\u00e3o, espanhol, franc\u00eas, ingl\u00eas ou italiano<\/p>\n\n\n\n<p class=\"has-large-font-size\">Os interessados devem submeter resumos de cerca de 500 palavras (incluindo no m\u00e1ximo cinco refer\u00eancias) at\u00e9 <strong>05 de junho de 2025<\/strong>.<\/p>\n\n\n\n<div class=\"wp-block-buttons is-layout-flex wp-block-buttons-is-layout-flex\">\n<div class=\"wp-block-button\"><a class=\"wp-block-button__link wp-element-button\" href=\"https:\/\/coloquiofronteiras.web.ua.pt\/?page_id=39\" target=\"_blank\" rel=\"noreferrer noopener\">Submiss\u00f5es<\/a><\/div>\n\n\n\n<div class=\"wp-block-button\"><a class=\"wp-block-button__link wp-element-button\" href=\"https:\/\/coloquiofronteiras.web.ua.pt\/?page_id=84\" target=\"_blank\" rel=\"noreferrer noopener\">Datas importantes<\/a><\/div>\n<\/div>\n<\/div>\n<\/div>\n<\/div>\n\n\n\n<div class=\"wp-block-group alignfull is-style-section-1 has-global-padding is-layout-constrained wp-block-group-is-layout-constrained is-style-section-1--2\" style=\"margin-top:0;margin-bottom:0;padding-top:var(--wp--preset--spacing--50);padding-bottom:var(--wp--preset--spacing--50)\">\n<div class=\"wp-block-columns alignwide is-layout-flex wp-container-core-columns-is-layout-4 wp-block-columns-is-layout-flex\">\n<div class=\"wp-block-column is-vertically-aligned-center is-layout-flow wp-block-column-is-layout-flow\" style=\"flex-basis:50%\">\n<h2 class=\"wp-block-heading has-x-large-font-size\">Local<\/h2>\n\n\n\n<p class=\"has-large-font-size\">O evento ser\u00e1 realizado no Departamento de Educa\u00e7\u00e3o e Psicologia da Universidade de Aveiro, em Portugal. A programa\u00e7\u00e3o incluir\u00e1 mesas-redondas organizadas com base nas comunica\u00e7\u00f5es aceites, explorando m\u00faltiplas perspetivas sobre a educa\u00e7\u00e3o lingu\u00edstica e intercultural em contextos fronteiri\u00e7os.<\/p>\n\n\n\n<div class=\"wp-block-buttons is-layout-flex wp-block-buttons-is-layout-flex\">\n<div class=\"wp-block-button\"><a class=\"wp-block-button__link wp-element-button\" href=\"https:\/\/coloquiofronteiras.web.ua.pt\/?page_id=111\" target=\"_blank\" rel=\"noreferrer noopener\">Local<\/a><\/div>\n<\/div>\n<\/div>\n\n\n\n<div class=\"wp-block-column is-vertically-aligned-center is-layout-flow wp-block-column-is-layout-flow\" style=\"flex-basis:50%\">\n<figure class=\"wp-block-image size-full\"><img loading=\"lazy\" decoding=\"async\" width=\"2560\" height=\"1706\" src=\"https:\/\/coloquiofronteiras.web.ua.pt\/wp-content\/uploads\/2025\/02\/DJI_0829-scaled.jpg\" alt=\"\" class=\"wp-image-99\" style=\"aspect-ratio:1;object-fit:cover\" srcset=\"https:\/\/coloquiofronteiras.web.ua.pt\/wp-content\/uploads\/2025\/02\/DJI_0829-scaled.jpg 2560w, https:\/\/coloquiofronteiras.web.ua.pt\/wp-content\/uploads\/2025\/02\/DJI_0829-300x200.jpg 300w, https:\/\/coloquiofronteiras.web.ua.pt\/wp-content\/uploads\/2025\/02\/DJI_0829-1024x682.jpg 1024w, https:\/\/coloquiofronteiras.web.ua.pt\/wp-content\/uploads\/2025\/02\/DJI_0829-768x512.jpg 768w, https:\/\/coloquiofronteiras.web.ua.pt\/wp-content\/uploads\/2025\/02\/DJI_0829-1536x1023.jpg 1536w, https:\/\/coloquiofronteiras.web.ua.pt\/wp-content\/uploads\/2025\/02\/DJI_0829-2048x1364.jpg 2048w\" sizes=\"auto, (max-width: 2560px) 100vw, 2560px\" \/><figcaption class=\"wp-element-caption\">Departamento de Educa\u00e7\u00e3o e Psicologia (DEP) da Universidade de Aveiro (UA) \u2013 edif\u00edcios 5 e 18. Fotografia por Universidade de Aveiro<\/figcaption><\/figure>\n<\/div>\n<\/div>\n<\/div>\n","protected":false},"excerpt":{"rendered":"<p>A Universidade de Aveiro (UA) convida investigadores, formadores, professores e demais interessados a submeterem trabalhos para o Col\u00f3quio Internacional sobre Plurilinguismo e Interculturalidade nas Fronteiras \u2013 Desafios e Perspetivas para o Ensino e a Forma\u00e7\u00e3o, que ocorrer\u00e1 nos dias 06 e 07 de novembro de 2025. Tendo em vista aprofundar a compreens\u00e3o da complexa realidade [&hellip;]<\/p>\n","protected":false},"author":3,"featured_media":0,"parent":0,"menu_order":0,"comment_status":"closed","ping_status":"closed","template":"page-no-title","meta":{"footnotes":""},"class_list":["post-21","page","type-page","status-publish","hentry"],"_links":{"self":[{"href":"https:\/\/coloquiofronteiras.web.ua.pt\/index.php?rest_route=\/wp\/v2\/pages\/21","targetHints":{"allow":["GET"]}}],"collection":[{"href":"https:\/\/coloquiofronteiras.web.ua.pt\/index.php?rest_route=\/wp\/v2\/pages"}],"about":[{"href":"https:\/\/coloquiofronteiras.web.ua.pt\/index.php?rest_route=\/wp\/v2\/types\/page"}],"author":[{"embeddable":true,"href":"https:\/\/coloquiofronteiras.web.ua.pt\/index.php?rest_route=\/wp\/v2\/users\/3"}],"replies":[{"embeddable":true,"href":"https:\/\/coloquiofronteiras.web.ua.pt\/index.php?rest_route=%2Fwp%2Fv2%2Fcomments&post=21"}],"version-history":[{"count":20,"href":"https:\/\/coloquiofronteiras.web.ua.pt\/index.php?rest_route=\/wp\/v2\/pages\/21\/revisions"}],"predecessor-version":[{"id":1211,"href":"https:\/\/coloquiofronteiras.web.ua.pt\/index.php?rest_route=\/wp\/v2\/pages\/21\/revisions\/1211"}],"wp:attachment":[{"href":"https:\/\/coloquiofronteiras.web.ua.pt\/index.php?rest_route=%2Fwp%2Fv2%2Fmedia&parent=21"}],"curies":[{"name":"wp","href":"https:\/\/api.w.org\/{rel}","templated":true}]}}