{"id":39,"date":"2025-02-17T16:15:48","date_gmt":"2025-02-17T16:15:48","guid":{"rendered":"https:\/\/coloquiofronteiras.web.ua.pt\/?page_id=39"},"modified":"2025-09-15T16:54:11","modified_gmt":"2025-09-15T16:54:11","slug":"trabalhos","status":"publish","type":"page","link":"https:\/\/coloquiofronteiras.web.ua.pt\/?page_id=39","title":{"rendered":"Submiss\u00f5es"},"content":{"rendered":"\n<div class=\"wp-block-group alignfull has-background is-layout-flow wp-block-group-is-layout-flow\" style=\"background-color:#f2f0e9;padding-right:var(--wp--preset--spacing--40);padding-left:var(--wp--preset--spacing--40)\">\n<div style=\"height:70px\" aria-hidden=\"true\" class=\"wp-block-spacer\"><\/div>\n\n\n\n<div class=\"wp-block-columns alignwide is-layout-flex wp-container-core-columns-is-layout-1 wp-block-columns-is-layout-flex\">\n<div class=\"wp-block-column is-layout-flow wp-block-column-is-layout-flow\" style=\"flex-basis:50%\">\n<p class=\"has-text-align-right has-text-color has-x-large-font-size\" style=\"color:#000000;line-height:1.1\"><strong>Submiss\u00e3o de propostas<\/strong><\/p>\n<\/div>\n\n\n\n<div class=\"wp-block-column is-vertically-aligned-center is-layout-flow wp-block-column-is-layout-flow\" style=\"flex-basis:50%\">\n<hr class=\"wp-block-separator has-text-color has-css-opacity has-background is-style-wide is-style-wide--1\" style=\"background-color:#000000;color:#000000\"\/>\n<\/div>\n<\/div>\n\n\n\n<div class=\"wp-block-columns alignwide is-layout-flex wp-container-core-columns-is-layout-2 wp-block-columns-is-layout-flex\">\n<div class=\"wp-block-column is-layout-flow wp-block-column-is-layout-flow\"><\/div>\n\n\n\n<div class=\"wp-block-column is-layout-flow wp-block-column-is-layout-flow\">\n<p class=\"has-large-font-size\">As propostas devem ser submetidas na plataforma Easychair, em <a href=\"https:\/\/easychair.org\/conferences\/?conf=fronteiras2025\" target=\"_blank\" rel=\"noreferrer noopener\">https:\/\/easychair.org\/conferences\/?conf=fronteiras2025<\/a>, at\u00e9 <s>05<\/s> <strong>20 de junho de 2025<\/strong> [nova data].<\/p>\n\n\n\n<p class=\"has-large-font-size\">O resumo dever\u00e1 ser submetido numa das l\u00ednguas do col\u00f3quio: portugu\u00eas, alem\u00e3o, espanhol, franc\u00eas, ingl\u00eas ou italiano.<\/p>\n\n\n\n<p class=\"has-text-color has-large-font-size\" style=\"color:#000000\">As propostas devem obedecer ao modelo indicado pela organiza\u00e7\u00e3o (dispon\u00edvel para download abaixo) e conter:<\/p>\n\n\n\n<ul class=\"wp-block-list\">\n<li class=\"has-large-font-size\">t\u00edtulo<\/li>\n\n\n\n<li><a href=\"https:\/\/coloquiofronteiras.web.ua.pt\/?page_id=30\" target=\"_blank\" rel=\"noreferrer noopener\">eixo tem\u00e1tico<\/a><\/li>\n\n\n\n<li>tipo de submiss\u00e3o (comunica\u00e7\u00e3o ou simp\u00f3sio)<\/li>\n\n\n\n<li>palavras-chave (entre 3 e 5)<\/li>\n\n\n\n<li>resumo (entre 300 e 500 palavras): contextualiza\u00e7\u00e3o, ancoragens te\u00f3ricas, descri\u00e7\u00e3o do estudo emp\u00edrico (se aplic\u00e1vel), contributos para a reflex\u00e3o sobre o campo<\/li>\n\n\n\n<li>refer\u00eancias bibliogr\u00e1ficas (entre 3 e 5).<\/li>\n<\/ul>\n\n\n\n<div class=\"wp-block-buttons is-layout-flex wp-block-buttons-is-layout-flex\">\n<div class=\"wp-block-button\"><a class=\"wp-block-button__link wp-element-button\" href=\"https:\/\/coloquiofronteiras.web.ua.pt\/wp-content\/uploads\/2025\/02\/Modelo-proposta-de-comunicacao_anonimizado.docx\" target=\"_blank\" rel=\"noreferrer noopener\">Download do modelo de submiss\u00e3o<\/a><\/div>\n\n\n\n<div class=\"wp-block-button\"><a class=\"wp-block-button__link wp-element-button\" href=\"https:\/\/coloquiofronteiras.web.ua.pt\/wp-content\/uploads\/2025\/07\/Modelo-comunicacao_com-dados.docx\">Modelo de submiss\u00e3o com dados<\/a><\/div>\n<\/div>\n\n\n\n<div style=\"height:20px\" aria-hidden=\"true\" class=\"wp-block-spacer\"><\/div>\n\n\n\n<h2 class=\"wp-block-heading has-x-large-font-size\">Tipo de Submiss\u00e3o<\/h2>\n\n\n\n<p class=\"has-large-font-size\"><strong>Comunica\u00e7\u00e3o<\/strong> &#8211; Apresenta\u00e7\u00e3o individual dentro dos eixos tem\u00e1ticos do evento. 20 minutos de apresenta\u00e7\u00e3o + 10 minutos para quest\u00f5es<\/p>\n\n\n\n<p class=\"has-large-font-size\"><strong>Simp\u00f3sio<\/strong> &#8211; Apresenta\u00e7\u00e3o em grupo dentro dos eixos tem\u00e1ticos do evento. Os simp\u00f3sios est\u00e3o previstos para 90 minutos e devem incluir entre 3 e 4 comunica\u00e7\u00f5es. O respons\u00e1vel pela organiza\u00e7\u00e3o do simp\u00f3sio dever\u00e1:<\/p>\n\n\n\n<ul class=\"wp-block-list has-large-font-size\">\n<li>redigir um resumo do simp\u00f3sio a incluir no campo de resumo na plataforma Easychair;<\/li>\n\n\n\n<li>coligir os resumos de cada participante;<\/li>\n\n\n\n<li>submeter a proposta, carregando um ficheiro Word que inclua todos os resumos (resumo do simp\u00f3sio e das comunica\u00e7\u00f5es que o constituem) de acordo com as indica\u00e7\u00f5es acima.<\/li>\n<\/ul>\n<\/div>\n<\/div>\n\n\n\n<div style=\"height:var(--wp--preset--spacing--30)\" aria-hidden=\"true\" class=\"wp-block-spacer\"><\/div>\n\n\n\n<div style=\"height:40px\" aria-hidden=\"true\" class=\"wp-block-spacer\"><\/div>\n<\/div>\n\n\n\n<div class=\"wp-block-group alignfull has-global-padding is-layout-constrained wp-container-core-group-is-layout-3 wp-block-group-is-layout-constrained\" style=\"min-height:0vh;margin-top:0;margin-bottom:0;padding-top:var(--wp--preset--spacing--70);padding-right:var(--wp--preset--spacing--40);padding-bottom:var(--wp--preset--spacing--70);padding-left:var(--wp--preset--spacing--40)\">\n<div class=\"wp-block-group has-global-padding is-layout-constrained wp-container-core-group-is-layout-2 wp-block-group-is-layout-constrained\">\n<div class=\"wp-block-buttons is-content-justification-center is-layout-flex wp-container-core-buttons-is-layout-2 wp-block-buttons-is-layout-flex\">\n<div class=\"wp-block-button\"><a class=\"wp-block-button__link wp-element-button\" href=\"https:\/\/coloquiofronteiras.web.ua.pt\/?page_id=30\" target=\"_blank\" rel=\"noreferrer noopener\">Apresenta\u00e7\u00e3o<\/a><\/div>\n\n\n\n<div class=\"wp-block-button\"><a class=\"wp-block-button__link wp-element-button\" href=\"https:\/\/coloquiofronteiras.web.ua.pt\/?page_id=84\" target=\"_blank\" rel=\"noreferrer noopener\">Datas importantes<\/a><\/div>\n<\/div>\n<\/div>\n<\/div>\n\n\n\n<div class=\"wp-block-group alignfull has-background is-layout-flow wp-block-group-is-layout-flow\" style=\"background-color:#f2f0e9;padding-top:0;padding-right:var(--wp--preset--spacing--40);padding-bottom:0;padding-left:var(--wp--preset--spacing--40)\">\n<div style=\"height:70px\" aria-hidden=\"true\" class=\"wp-block-spacer\"><\/div>\n\n\n\n<div class=\"wp-block-columns alignwide is-layout-flex wp-container-core-columns-is-layout-3 wp-block-columns-is-layout-flex\">\n<div class=\"wp-block-column is-layout-flow wp-block-column-is-layout-flow\" style=\"flex-basis:50%\">\n<p class=\"has-text-align-right has-text-color has-x-large-font-size\" style=\"color:#000000;line-height:1.1\"><strong>L\u00ednguas de apresenta\u00e7\u00e3o<\/strong><\/p>\n<\/div>\n\n\n\n<div class=\"wp-block-column is-vertically-aligned-center is-layout-flow wp-block-column-is-layout-flow\" style=\"flex-basis:50%\">\n<hr class=\"wp-block-separator has-text-color has-css-opacity has-background is-style-wide is-style-wide--2\" style=\"background-color:#000000;color:#000000\"\/>\n<\/div>\n<\/div>\n\n\n\n<div class=\"wp-block-columns alignwide is-layout-flex wp-container-core-columns-is-layout-4 wp-block-columns-is-layout-flex\">\n<div class=\"wp-block-column is-layout-flow wp-block-column-is-layout-flow\"><\/div>\n\n\n\n<div class=\"wp-block-column is-layout-flow wp-block-column-is-layout-flow\">\n<p class=\"has-text-color has-large-font-size\" style=\"color:#000000\">O evento ser\u00e1 plurilingue, com uma das l\u00ednguas sendo portugu\u00eas, alem\u00e3o, espanhol, franc\u00eas, ingl\u00eas ou italiano.<\/p>\n\n\n\n<p>As apresenta\u00e7\u00f5es dever\u00e3o ser bilingues: por exemplo, estando a apresenta\u00e7\u00e3o numa l\u00edngua, e sendo a apresenta\u00e7\u00e3o oral feita noutra.<\/p>\n<\/div>\n<\/div>\n\n\n\n<div style=\"height:40px\" aria-hidden=\"true\" class=\"wp-block-spacer\"><\/div>\n<\/div>\n\n\n\n<div class=\"wp-block-group alignfull has-background is-layout-flow wp-block-group-is-layout-flow\" style=\"background-color:#f2f0e9;padding-right:var(--wp--preset--spacing--40);padding-left:var(--wp--preset--spacing--40)\">\n<div style=\"height:70px\" aria-hidden=\"true\" class=\"wp-block-spacer\"><\/div>\n\n\n\n<div class=\"wp-block-columns alignwide is-layout-flex wp-container-core-columns-is-layout-5 wp-block-columns-is-layout-flex\">\n<div class=\"wp-block-column is-layout-flow wp-block-column-is-layout-flow\" style=\"flex-basis:50%\">\n<p class=\"has-text-align-right has-text-color has-x-large-font-size\" style=\"color:#000000;line-height:1.1\"><strong>Formato<\/strong><\/p>\n<\/div>\n\n\n\n<div class=\"wp-block-column is-vertically-aligned-center is-layout-flow wp-block-column-is-layout-flow\" style=\"flex-basis:50%\">\n<hr class=\"wp-block-separator has-text-color has-css-opacity has-background is-style-wide is-style-wide--3\" style=\"background-color:#000000;color:#000000\"\/>\n<\/div>\n<\/div>\n\n\n\n<div class=\"wp-block-columns alignwide is-layout-flex wp-container-core-columns-is-layout-6 wp-block-columns-is-layout-flex\">\n<div class=\"wp-block-column is-layout-flow wp-block-column-is-layout-flow\"><\/div>\n\n\n\n<div class=\"wp-block-column is-layout-flow wp-block-column-is-layout-flow\">\n<p class=\"has-text-color has-large-font-size\" style=\"color:#000000\">O evento \u00e9 presencial. Contudo, prev\u00ea-se a possibilidade de haver comunica\u00e7\u00f5es em formato virtual. A apresenta\u00e7\u00e3o em formato virtual ser\u00e1 restrita a um dos dias do Col\u00f3quio e exige inscri\u00e7\u00e3o com devido pagamento. O evento presencial n\u00e3o ser\u00e1 difundido virtualmente.<\/p>\n<\/div>\n<\/div>\n\n\n\n<div style=\"height:40px\" aria-hidden=\"true\" class=\"wp-block-spacer\"><\/div>\n<\/div>\n\n\n\n<div class=\"wp-block-group alignfull has-background is-layout-flow wp-block-group-is-layout-flow\" style=\"background-color:#f2f0e9;padding-right:var(--wp--preset--spacing--40);padding-left:var(--wp--preset--spacing--40)\">\n<div style=\"height:70px\" aria-hidden=\"true\" class=\"wp-block-spacer\"><\/div>\n\n\n\n<div class=\"wp-block-columns alignwide is-layout-flex wp-container-core-columns-is-layout-7 wp-block-columns-is-layout-flex\">\n<div class=\"wp-block-column is-layout-flow wp-block-column-is-layout-flow\" style=\"flex-basis:50%\">\n<p class=\"has-text-align-right has-text-color has-x-large-font-size\" style=\"color:#000000;line-height:1.1\"><strong>Publica\u00e7\u00e3o de trabalhos<\/strong><\/p>\n<\/div>\n\n\n\n<div class=\"wp-block-column is-vertically-aligned-center is-layout-flow wp-block-column-is-layout-flow\" style=\"flex-basis:50%\">\n<hr class=\"wp-block-separator has-text-color has-css-opacity has-background is-style-wide is-style-wide--4\" style=\"background-color:#000000;color:#000000\"\/>\n<\/div>\n<\/div>\n\n\n\n<div class=\"wp-block-columns alignwide is-layout-flex wp-container-core-columns-is-layout-8 wp-block-columns-is-layout-flex\">\n<div class=\"wp-block-column is-layout-flow wp-block-column-is-layout-flow\"><\/div>\n\n\n\n<div class=\"wp-block-column is-layout-flow wp-block-column-is-layout-flow\">\n<p class=\"has-text-color has-large-font-size\" style=\"color:#000000\">Os trabalhos apresentados poder\u00e3o integrar uma colet\u00e2nea multilingue a ser publicada pela editora Peter Lang, intitulada <em>Plurilinguismo e Interculturalidade em Fronteiras: Desafios e Perspetivas para o Ensino e a Forma\u00e7\u00e3o<\/em>. A obra ser\u00e1 co editada por Maria Helena de Ara\u00fajo e S\u00e1 (Universidade de Aveiro, Portugal) e Thayse Figueira Guimar\u00e3es (Universidade Federal da Grande Dourados, Brasil).<\/p>\n<\/div>\n<\/div>\n\n\n\n<div style=\"height:40px\" aria-hidden=\"true\" class=\"wp-block-spacer\"><\/div>\n<\/div>\n","protected":false},"excerpt":{"rendered":"<p>Submiss\u00e3o de propostas As propostas devem ser submetidas na plataforma Easychair, em https:\/\/easychair.org\/conferences\/?conf=fronteiras2025, at\u00e9 05 20 de junho de 2025 [nova data]. O resumo dever\u00e1 ser submetido numa das l\u00ednguas do col\u00f3quio: portugu\u00eas, alem\u00e3o, espanhol, franc\u00eas, ingl\u00eas ou italiano. As propostas devem obedecer ao modelo indicado pela organiza\u00e7\u00e3o (dispon\u00edvel para download abaixo) e conter: Tipo [&hellip;]<\/p>\n","protected":false},"author":3,"featured_media":0,"parent":0,"menu_order":2,"comment_status":"closed","ping_status":"closed","template":"","meta":{"footnotes":""},"class_list":["post-39","page","type-page","status-publish","hentry"],"_links":{"self":[{"href":"https:\/\/coloquiofronteiras.web.ua.pt\/index.php?rest_route=\/wp\/v2\/pages\/39","targetHints":{"allow":["GET"]}}],"collection":[{"href":"https:\/\/coloquiofronteiras.web.ua.pt\/index.php?rest_route=\/wp\/v2\/pages"}],"about":[{"href":"https:\/\/coloquiofronteiras.web.ua.pt\/index.php?rest_route=\/wp\/v2\/types\/page"}],"author":[{"embeddable":true,"href":"https:\/\/coloquiofronteiras.web.ua.pt\/index.php?rest_route=\/wp\/v2\/users\/3"}],"replies":[{"embeddable":true,"href":"https:\/\/coloquiofronteiras.web.ua.pt\/index.php?rest_route=%2Fwp%2Fv2%2Fcomments&post=39"}],"version-history":[{"count":31,"href":"https:\/\/coloquiofronteiras.web.ua.pt\/index.php?rest_route=\/wp\/v2\/pages\/39\/revisions"}],"predecessor-version":[{"id":1697,"href":"https:\/\/coloquiofronteiras.web.ua.pt\/index.php?rest_route=\/wp\/v2\/pages\/39\/revisions\/1697"}],"wp:attachment":[{"href":"https:\/\/coloquiofronteiras.web.ua.pt\/index.php?rest_route=%2Fwp%2Fv2%2Fmedia&parent=39"}],"curies":[{"name":"wp","href":"https:\/\/api.w.org\/{rel}","templated":true}]}}