{"id":755,"date":"2025-04-15T16:05:53","date_gmt":"2025-04-15T16:05:53","guid":{"rendered":"https:\/\/coloquiofronteiras.web.ua.pt\/?page_id=755"},"modified":"2025-06-06T16:13:08","modified_gmt":"2025-06-06T16:13:08","slug":"home-francais","status":"publish","type":"page","link":"https:\/\/coloquiofronteiras.web.ua.pt\/?page_id=755&lang=fr","title":{"rendered":"Home &#8211; Fran\u00e7ais"},"content":{"rendered":"\n<div style=\"height:100px\" aria-hidden=\"true\" class=\"wp-block-spacer\"><\/div>\n\n\n\n<p class=\"is-style-default\" style=\"padding-top:var(--wp--preset--spacing--20);padding-right:0;padding-bottom:var(--wp--preset--spacing--20);padding-left:0\">L\u2019Universit\u00e9 d\u2019Aveiro (UA) invite chercheurs, formateurs, enseignants et autres int\u00e9ress\u00e9s \u00e0 soumettre des communications pour le <strong>Colloque international sur le plurilinguisme et l\u2019interculturalit\u00e9 aux fronti\u00e8res \u2013 D\u00e9fis et perspectives pour l\u2019enseignement et la formation<\/strong>, qui se d\u00e9roulera les <strong>06 et 07 novembre 2025<\/strong>.<\/p>\n\n\n\n<p style=\"padding-top:var(--wp--preset--spacing--20);padding-right:0;padding-bottom:var(--wp--preset--spacing--20);padding-left:0\"> L&#8217;objectif de ce colloque est d&#8217;approfondir la compr\u00e9hension des r\u00e9alit\u00e9s complexes des r\u00e9gions frontali\u00e8res et des d\u00e9fis sp\u00e9cifiques que ces r\u00e9alit\u00e9s imposent \u00e0 l&#8217;\u00e9ducation. L&#8217;\u00e9v\u00e9nement encouragera les r\u00e9flexions et les \u00e9changes sur l\u2019enseignement, l\u2019apprentissage et la formation des enseignants dans ces contextes, en prenant en compte l&#8217;impact des interactions linguistiques et culturelles, des pratiques p\u00e9dagogiques, ainsi que des politiques linguistiques orient\u00e9es vers le plurilinguisme et l\u2019interculturalit\u00e9.<\/p>\n\n\n\n<div style=\"height:20px\" aria-hidden=\"true\" class=\"wp-block-spacer\"><\/div>\n\n\n\n<div class=\"wp-block-buttons is-content-justification-left is-layout-flex wp-container-core-buttons-is-layout-1 wp-block-buttons-is-layout-flex\">\n<div class=\"wp-block-button\"><a class=\"wp-block-button__link wp-element-button\" href=\"https:\/\/coloquiofronteiras.web.ua.pt\/?page_id=815&amp;lang=fr\" target=\"_blank\" rel=\"noreferrer noopener\">Pr\u00e9sentation<\/a><\/div>\n<\/div>\n\n\n\n<div class=\"wp-block-group alignfull has-global-padding is-layout-constrained wp-container-core-group-is-layout-6 wp-block-group-is-layout-constrained\" style=\"margin-top:0;margin-bottom:0;padding-right:0;padding-left:0\">\n<div class=\"wp-block-group alignwide is-layout-flow wp-container-core-group-is-layout-5 wp-block-group-is-layout-flow\" style=\"padding-top:var(--wp--preset--spacing--50);padding-bottom:var(--wp--preset--spacing--50)\">\n<h2 class=\"wp-block-heading has-x-large-font-size\">Th\u00e9matiques<\/h2>\n\n\n\n<div class=\"wp-block-columns is-layout-flex wp-container-core-columns-is-layout-1 wp-block-columns-is-layout-flex\">\n<div class=\"wp-block-column is-layout-flow wp-block-column-is-layout-flow\">\n<div class=\"wp-block-group is-layout-flow wp-block-group-is-layout-flow\" style=\"border-top-color:var(--wp--preset--color--accent-6);border-top-width:1px;padding-top:var(--wp--preset--spacing--30);padding-bottom:var(--wp--preset--spacing--30)\">\n<ul class=\"wp-block-list\">\n<li style=\"font-style:normal;font-weight:400\"><strong>Politiques linguistiques \u00e9ducatives dans les r\u00e9gions frontali\u00e8res:<\/strong><br> sc\u00e9narios \u00e9ducatifs, d\u00e9fis et potentialit\u00e9s de l&#8217;enseignement des langues.<\/li>\n<\/ul>\n<\/div>\n<\/div>\n\n\n\n<div class=\"wp-block-column is-layout-flow wp-block-column-is-layout-flow\">\n<div class=\"wp-block-group is-layout-flow wp-block-group-is-layout-flow\" style=\"border-top-color:var(--wp--preset--color--accent-6);border-top-width:1px;padding-top:var(--wp--preset--spacing--30);padding-bottom:var(--wp--preset--spacing--30)\">\n<ul class=\"wp-block-list\">\n<li style=\"font-style:normal;font-weight:400\"><strong>Didactiques transfrontali\u00e8res:<\/strong><br>pratiques p\u00e9dagogiques dans des contextes multilingues ; \u00e9ducation, culture et identit\u00e9.<\/li>\n<\/ul>\n<\/div>\n<\/div>\n<\/div>\n\n\n\n<div class=\"wp-block-columns is-layout-flex wp-container-core-columns-is-layout-2 wp-block-columns-is-layout-flex\">\n<div class=\"wp-block-column is-layout-flow wp-block-column-is-layout-flow\">\n<div class=\"wp-block-group is-layout-flow wp-block-group-is-layout-flow\" style=\"border-top-color:var(--wp--preset--color--accent-6);border-top-width:1px;padding-top:var(--wp--preset--spacing--30);padding-bottom:var(--wp--preset--spacing--30)\">\n<ul class=\"wp-block-list\">\n<li style=\"font-style:normal;font-weight:400\"><strong>Repr\u00e9sentations sociolinguistiques:<\/strong><br>croyances et attitudes envers les langues-cultures voisines ainsi que leur impact sur l\u2019enseignement-apprentissage.<\/li>\n<\/ul>\n<\/div>\n<\/div>\n\n\n\n<div class=\"wp-block-column is-layout-flow wp-block-column-is-layout-flow\">\n<div class=\"wp-block-group is-layout-flow wp-block-group-is-layout-flow\" style=\"border-top-color:var(--wp--preset--color--accent-6);border-top-width:1px;padding-top:var(--wp--preset--spacing--30);padding-bottom:var(--wp--preset--spacing--30)\">\n<ul class=\"wp-block-list\">\n<li style=\"font-style:normal;font-weight:400\"><strong>Formation des enseignants:<\/strong><br>Sc\u00e9narios de formation dans des contextes plurilingues et identit\u00e9 professionnelle des enseignants.<\/li>\n<\/ul>\n<\/div>\n<\/div>\n<\/div>\n<\/div>\n<\/div>\n\n\n\n<div class=\"wp-block-group alignfull has-global-padding is-layout-constrained wp-block-group-is-layout-constrained\" style=\"margin-top:0;margin-bottom:0;padding-top:var(--wp--preset--spacing--50);padding-bottom:var(--wp--preset--spacing--50)\">\n<div class=\"wp-block-columns alignwide is-layout-flex wp-container-core-columns-is-layout-3 wp-block-columns-is-layout-flex\">\n<div class=\"wp-block-column is-layout-flow wp-block-column-is-layout-flow\" style=\"flex-basis:56%\">\n<figure class=\"wp-block-image size-full wp-duotone-unset-1\"><img loading=\"lazy\" decoding=\"async\" width=\"2560\" height=\"1707\" src=\"https:\/\/coloquiofronteiras.web.ua.pt\/wp-content\/uploads\/2025\/02\/pexels-altaf-shah-3143825-19194187-scaled.jpg\" alt=\"\" class=\"wp-image-255\" style=\"aspect-ratio:1;object-fit:cover\" srcset=\"https:\/\/coloquiofronteiras.web.ua.pt\/wp-content\/uploads\/2025\/02\/pexels-altaf-shah-3143825-19194187-scaled.jpg 2560w, https:\/\/coloquiofronteiras.web.ua.pt\/wp-content\/uploads\/2025\/02\/pexels-altaf-shah-3143825-19194187-300x200.jpg 300w, https:\/\/coloquiofronteiras.web.ua.pt\/wp-content\/uploads\/2025\/02\/pexels-altaf-shah-3143825-19194187-1024x683.jpg 1024w, https:\/\/coloquiofronteiras.web.ua.pt\/wp-content\/uploads\/2025\/02\/pexels-altaf-shah-3143825-19194187-768x512.jpg 768w, https:\/\/coloquiofronteiras.web.ua.pt\/wp-content\/uploads\/2025\/02\/pexels-altaf-shah-3143825-19194187-1536x1024.jpg 1536w, https:\/\/coloquiofronteiras.web.ua.pt\/wp-content\/uploads\/2025\/02\/pexels-altaf-shah-3143825-19194187-2048x1365.jpg 2048w\" sizes=\"auto, (max-width: 2560px) 100vw, 2560px\" \/><figcaption class=\"wp-element-caption\">Photo by Altaf Shah: https:\/\/www.pexels.com\/photo\/plants-behind-gap-in-rough-wall-19194187\/<\/figcaption><\/figure>\n<\/div>\n\n\n\n<div class=\"wp-block-column is-vertically-aligned-center is-layout-flow wp-container-core-column-is-layout-6 wp-block-column-is-layout-flow\">\n<h2 class=\"wp-block-heading has-x-large-font-size\">Soumission et pr\u00e9sentation des travaux<\/h2>\n\n\n\n<p class=\"has-large-font-size\">L\u2019\u00e9v\u00e9nement sera plurilingue, avec des pr\u00e9sentations possibles en portugais, allemand, espagnol, fran\u00e7ais, anglais ou italien.<\/p>\n\n\n\n<p class=\"has-large-font-size\">Les personnes int\u00e9ress\u00e9es doivent soumettre un r\u00e9sum\u00e9 d&#8217;environ 500 mots (comprenant un maximum de cinq r\u00e9f\u00e9rences) avant le <strong>5 juin 2025<\/strong>.<\/p>\n\n\n\n<div class=\"wp-block-buttons is-layout-flex wp-block-buttons-is-layout-flex\">\n<div class=\"wp-block-button\"><a class=\"wp-block-button__link wp-element-button\" href=\"https:\/\/coloquiofronteiras.web.ua.pt\/?page_id=1055&amp;lang=fr\" target=\"_blank\" rel=\"noreferrer noopener\">Soumission<\/a><\/div>\n\n\n\n<div class=\"wp-block-button\"><a class=\"wp-block-button__link wp-element-button\" href=\"https:\/\/coloquiofronteiras.web.ua.pt\/?page_id=1046&amp;lang=fr\" target=\"_blank\" rel=\"noreferrer noopener\">Dates importantes<\/a><\/div>\n<\/div>\n<\/div>\n<\/div>\n<\/div>\n\n\n\n<div class=\"wp-block-group alignfull is-style-section-1 has-global-padding is-layout-constrained wp-block-group-is-layout-constrained is-style-section-1--2\" style=\"margin-top:0;margin-bottom:0;padding-top:var(--wp--preset--spacing--50);padding-bottom:var(--wp--preset--spacing--50)\">\n<div class=\"wp-block-columns alignwide is-layout-flex wp-container-core-columns-is-layout-4 wp-block-columns-is-layout-flex\">\n<div class=\"wp-block-column is-vertically-aligned-center is-layout-flow wp-block-column-is-layout-flow\" style=\"flex-basis:50%\">\n<h2 class=\"wp-block-heading has-x-large-font-size\">Lieu de l\u2019\u00e9v\u00e9nement<\/h2>\n\n\n\n<p class=\"has-large-font-size\">L\u2019\u00e9v\u00e9nement aura lieu au D\u00e9partement d\u2019\u00c9ducation et de Psychologie de l\u2019Universit\u00e9 d\u2019Aveiro, au Portugal. Le programme comprendra des tables rondes organis\u00e9es autour des communications accept\u00e9es, explorant diverses perspectives sur l\u2019\u00e9ducation linguistique et interculturelle dans les contextes frontaliers.<\/p>\n\n\n\n<div class=\"wp-block-buttons is-layout-flex wp-block-buttons-is-layout-flex\">\n<div class=\"wp-block-button\"><a class=\"wp-block-button__link wp-element-button\">Lieu<\/a><\/div>\n<\/div>\n<\/div>\n\n\n\n<div class=\"wp-block-column is-vertically-aligned-center is-layout-flow wp-block-column-is-layout-flow\" style=\"flex-basis:50%\">\n<figure class=\"wp-block-image size-full\"><img loading=\"lazy\" decoding=\"async\" width=\"2560\" height=\"1706\" src=\"https:\/\/coloquiofronteiras.web.ua.pt\/wp-content\/uploads\/2025\/02\/DJI_0829-scaled.jpg\" alt=\"\" class=\"wp-image-99\" style=\"aspect-ratio:1;object-fit:cover\" srcset=\"https:\/\/coloquiofronteiras.web.ua.pt\/wp-content\/uploads\/2025\/02\/DJI_0829-scaled.jpg 2560w, https:\/\/coloquiofronteiras.web.ua.pt\/wp-content\/uploads\/2025\/02\/DJI_0829-300x200.jpg 300w, https:\/\/coloquiofronteiras.web.ua.pt\/wp-content\/uploads\/2025\/02\/DJI_0829-1024x682.jpg 1024w, https:\/\/coloquiofronteiras.web.ua.pt\/wp-content\/uploads\/2025\/02\/DJI_0829-768x512.jpg 768w, https:\/\/coloquiofronteiras.web.ua.pt\/wp-content\/uploads\/2025\/02\/DJI_0829-1536x1023.jpg 1536w, https:\/\/coloquiofronteiras.web.ua.pt\/wp-content\/uploads\/2025\/02\/DJI_0829-2048x1364.jpg 2048w\" sizes=\"auto, (max-width: 2560px) 100vw, 2560px\" \/><figcaption class=\"wp-element-caption\">D\u00e9partement d\u2019\u00c9ducation et de Psychologie (DEP) de l\u2019Universit\u00e9 d\u2019Aveiro (UA) \u2013 b\u00e2timents 5 et 18. Photo de l&#8217;Universit\u00e9 d&#8217;Aveiro<\/figcaption><\/figure>\n<\/div>\n<\/div>\n<\/div>\n","protected":false},"excerpt":{"rendered":"<p>L\u2019Universit\u00e9 d\u2019Aveiro (UA) invite chercheurs, formateurs, enseignants et autres int\u00e9ress\u00e9s \u00e0 soumettre des communications pour le Colloque international sur le plurilinguisme et l\u2019interculturalit\u00e9 aux fronti\u00e8res \u2013 D\u00e9fis et perspectives pour l\u2019enseignement et la formation, qui se d\u00e9roulera les 06 et 07 novembre 2025. L&#8217;objectif de ce colloque est d&#8217;approfondir la compr\u00e9hension des r\u00e9alit\u00e9s complexes des [&hellip;]<\/p>\n","protected":false},"author":3,"featured_media":0,"parent":0,"menu_order":0,"comment_status":"closed","ping_status":"closed","template":"page-no-title","meta":{"footnotes":""},"class_list":["post-755","page","type-page","status-publish","hentry"],"_links":{"self":[{"href":"https:\/\/coloquiofronteiras.web.ua.pt\/index.php?rest_route=\/wp\/v2\/pages\/755","targetHints":{"allow":["GET"]}}],"collection":[{"href":"https:\/\/coloquiofronteiras.web.ua.pt\/index.php?rest_route=\/wp\/v2\/pages"}],"about":[{"href":"https:\/\/coloquiofronteiras.web.ua.pt\/index.php?rest_route=\/wp\/v2\/types\/page"}],"author":[{"embeddable":true,"href":"https:\/\/coloquiofronteiras.web.ua.pt\/index.php?rest_route=\/wp\/v2\/users\/3"}],"replies":[{"embeddable":true,"href":"https:\/\/coloquiofronteiras.web.ua.pt\/index.php?rest_route=%2Fwp%2Fv2%2Fcomments&post=755"}],"version-history":[{"count":6,"href":"https:\/\/coloquiofronteiras.web.ua.pt\/index.php?rest_route=\/wp\/v2\/pages\/755\/revisions"}],"predecessor-version":[{"id":1217,"href":"https:\/\/coloquiofronteiras.web.ua.pt\/index.php?rest_route=\/wp\/v2\/pages\/755\/revisions\/1217"}],"wp:attachment":[{"href":"https:\/\/coloquiofronteiras.web.ua.pt\/index.php?rest_route=%2Fwp%2Fv2%2Fmedia&parent=755"}],"curies":[{"name":"wp","href":"https:\/\/api.w.org\/{rel}","templated":true}]}}