{"id":830,"date":"2025-05-27T16:53:18","date_gmt":"2025-05-27T16:53:18","guid":{"rendered":"https:\/\/coloquiofronteiras.web.ua.pt\/?page_id=830"},"modified":"2025-06-06T16:16:16","modified_gmt":"2025-06-06T16:16:16","slug":"presentacion","status":"publish","type":"page","link":"https:\/\/coloquiofronteiras.web.ua.pt\/?page_id=830&lang=es","title":{"rendered":"Presentaci\u00f3n"},"content":{"rendered":"\n<div class=\"wp-block-group alignfull has-global-padding is-layout-constrained wp-block-group-is-layout-constrained\" style=\"margin-top:0;margin-bottom:0\">\n<div class=\"wp-block-group alignwide is-layout-flow wp-container-core-group-is-layout-3 wp-block-group-is-layout-flow\" style=\"padding-top:var(--wp--preset--spacing--50);padding-bottom:var(--wp--preset--spacing--50)\">\n<h2 class=\"wp-block-heading has-xx-large-font-size\">Presentaci\u00f3n<\/h2>\n\n\n\n<div class=\"wp-block-columns is-layout-flex wp-container-core-columns-is-layout-1 wp-block-columns-is-layout-flex\">\n<div class=\"wp-block-column is-layout-flow wp-block-column-is-layout-flow\">\n<div class=\"wp-block-group is-layout-flow wp-block-group-is-layout-flow\" style=\"border-top-color:var(--wp--preset--color--accent-6);border-top-width:1px;padding-top:var(--wp--preset--spacing--30);padding-bottom:var(--wp--preset--spacing--30)\">\n<p class=\"has-large-font-size\">La Universidad de Aveiro (UA) invita a investigadores, formadores, docentes y dem\u00e1s interesados a presentar trabajos para el <strong>Coloquio Internacional de Plurilingu\u0308ismo e Interculturalidad en las Fronteras \u2013 Desaf\u00edos y Perspectivas para la Ense\u00f1anza y la Formaci\u00f3n<\/strong>, que se llevar\u00e1 a cabo los d\u00edas 06 y 07 de noviembre de 2025.<\/p>\n<\/div>\n<\/div>\n\n\n\n<div class=\"wp-block-column is-layout-flow wp-block-column-is-layout-flow\">\n<div class=\"wp-block-group is-layout-flow wp-block-group-is-layout-flow\" style=\"border-top-color:var(--wp--preset--color--accent-6);border-top-width:1px;padding-top:var(--wp--preset--spacing--30);padding-bottom:var(--wp--preset--spacing--30)\">\n<p class=\"has-large-font-size\">Con el objetivo de profundizar la comprensi\u00f3n de las complejas realidades de las regiones fronterizas y los desaf\u00edos espec\u00edficos que esas realidades plantean para la educaci\u00f3n, el evento promover\u00e1 reflexiones y di\u00e1logos sobre la ense\u00f1anza, el aprendizaje y la formaci\u00f3n docente en contextos fronterizos, teniendo en cuenta el impacto de las interacciones lingu\u0308\u00edsticas y culturales, las pr\u00e1cticas pedag\u00f3gicas y las pol\u00edticas lingu\u0308\u00edsticas orientadas hacia el plurilingu\u0308ismo y la interculturalidad.<\/p>\n<\/div>\n<\/div>\n<\/div>\n<\/div>\n<\/div>\n\n\n\n<div class=\"wp-block-group alignfull is-style-section-1 has-global-padding is-layout-constrained wp-block-group-is-layout-constrained is-style-section-1--1\" style=\"margin-top:0;margin-bottom:0;padding-top:var(--wp--preset--spacing--50);padding-bottom:var(--wp--preset--spacing--50)\">\n<div class=\"wp-block-columns alignwide is-layout-flex wp-container-core-columns-is-layout-2 wp-block-columns-is-layout-flex\">\n<div class=\"wp-block-column is-vertically-aligned-center is-layout-flow wp-block-column-is-layout-flow\" style=\"flex-basis:50%\">\n<p class=\"has-large-font-size\"><\/p>\n\n\n\n<p class=\"has-large-font-size\">Las regiones fronterizas ofrecen un contexto \u00fanico para analizar cuestiones relacionadas con el lenguaje, la ciudadan\u00eda, la alteridad, la cognici\u00f3n docente y la pr\u00e1ctica pedag\u00f3gica. La contigu\u0308idad geogr\u00e1fica entre pa\u00edses no garantiza, por s\u00ed sola, relaciones de proximidad con la lengua y la cultura del otro. Estudios como los de Putsche y Faucompr\u00e9 (2016), por ejemplo, en el contexto de la frontera entre Francia y Alemania, demuestran que las representaciones sociales y culturales construidas a lo largo de la trayectoria escolar influyen directamente en la ense\u00f1anza y el aprendizaje de las lenguas vecinas, destacando la importancia de una formaci\u00f3n docente que contemple la complejidad de las identidades lingu\u0308\u00edsticas y culturales fronterizas.<\/p>\n\n\n\n<p class=\"has-large-font-size\">De manera similar, investigaciones recientes como las de Goenechea, Mach\u00edn \u00c1lvarez y Belkat (2024) y Gallego-Noche et al. (2023) exploran las percepciones de j\u00f3venes residentes en las regiones fronterizas entre Espa\u00f1a y Marruecos, particularmente en el Estrecho de Gibraltar. Estos estudios analizan las identidades culturales, la experiencia de la multiculturalidad y las din\u00e1micas de oportunidades y tensiones vividas en estos espacios.<\/p>\n\n\n\n<p class=\"has-large-font-size\">Tambi\u00e9n en el contexto de las fronteras europeas, investigaciones realizadas entre Portugal y Espa\u00f1a, como las de Louren\u00e7o-Sim\u00f5es et al. (2024a y 2024b), Ulh\u00f4a y Ara\u00fajo e S\u00e1 (2024a y 2024b), Matesanz del Barrio et al. (2023), y Castro y Schwambach (2023) documentan y analizan cr\u00edticamente los resultados del proyecto \u201cEscuelas Bilingu\u0308es e Interculturales de Frontera\u201d (PEBIF) entre Portugal y Espa\u00f1a, argumentando la relevancia de la cooperaci\u00f3n transfronteriza para articular sistemas educativos distintos y construir redes de intercambio de experiencias, con un enfoque en la formaci\u00f3n continua de los docentes.<\/p>\n\n\n\n<p>Complementariamente, Semec (2018) examina un proyecto de movilidad transfronteriza de docentes en la triple frontera entre Eslovenia, Austria e Italia, registrando el impacto de las pr\u00e1cticas multilingu\u0308es e interculturales en el desarrollo profesional docente.<\/p>\n\n\n\n<p class=\"has-medium-font-size\"><\/p>\n<\/div>\n\n\n\n<div class=\"wp-block-column is-vertically-aligned-center is-layout-flow wp-block-column-is-layout-flow\" style=\"flex-basis:50%\">\n<figure class=\"wp-block-image size-full\"><img loading=\"lazy\" decoding=\"async\" width=\"2560\" height=\"1707\" src=\"https:\/\/coloquiofronteiras.web.ua.pt\/wp-content\/uploads\/2025\/02\/pexels-dapur-melodi-192125-972942-scaled.jpg\" alt=\"\" class=\"wp-image-258\" style=\"aspect-ratio:1;object-fit:cover\" srcset=\"https:\/\/coloquiofronteiras.web.ua.pt\/wp-content\/uploads\/2025\/02\/pexels-dapur-melodi-192125-972942-scaled.jpg 2560w, https:\/\/coloquiofronteiras.web.ua.pt\/wp-content\/uploads\/2025\/02\/pexels-dapur-melodi-192125-972942-300x200.jpg 300w, https:\/\/coloquiofronteiras.web.ua.pt\/wp-content\/uploads\/2025\/02\/pexels-dapur-melodi-192125-972942-1024x683.jpg 1024w, https:\/\/coloquiofronteiras.web.ua.pt\/wp-content\/uploads\/2025\/02\/pexels-dapur-melodi-192125-972942-768x512.jpg 768w, https:\/\/coloquiofronteiras.web.ua.pt\/wp-content\/uploads\/2025\/02\/pexels-dapur-melodi-192125-972942-1536x1024.jpg 1536w, https:\/\/coloquiofronteiras.web.ua.pt\/wp-content\/uploads\/2025\/02\/pexels-dapur-melodi-192125-972942-2048x1365.jpg 2048w\" sizes=\"auto, (max-width: 2560px) 100vw, 2560px\" \/><figcaption class=\"wp-element-caption\">Photo by Dapur Melodi: https:\/\/www.pexels.com\/photo\/abstract-painting-972942\/<\/figcaption><\/figure>\n<\/div>\n<\/div>\n<\/div>\n\n\n\n<div class=\"wp-block-group alignfull has-global-padding is-layout-constrained wp-block-group-is-layout-constrained\" style=\"margin-top:0;margin-bottom:0\">\n<div class=\"wp-block-columns alignfull is-layout-flex wp-container-core-columns-is-layout-3 wp-block-columns-is-layout-flex\">\n<div class=\"wp-block-column is-vertically-aligned-center is-layout-flow wp-block-column-is-layout-flow\" style=\"flex-basis:55%\">\n<div style=\"aspect-ratio:1;min-height:unset;\" class=\"wp-block-cover is-light has-aspect-ratio\"><span aria-hidden=\"true\" class=\"wp-block-cover__background has-background-dim-0 has-background-dim\" style=\"background-color:#6b6b6b\"><\/span><img loading=\"lazy\" decoding=\"async\" width=\"2560\" height=\"1920\" class=\"wp-block-cover__image-background wp-image-261\" alt=\"\" src=\"https:\/\/coloquiofronteiras.web.ua.pt\/wp-content\/uploads\/2025\/02\/pexels-giantasparagus-30787557-scaled.jpg\" data-object-fit=\"cover\" srcset=\"https:\/\/coloquiofronteiras.web.ua.pt\/wp-content\/uploads\/2025\/02\/pexels-giantasparagus-30787557-scaled.jpg 2560w, https:\/\/coloquiofronteiras.web.ua.pt\/wp-content\/uploads\/2025\/02\/pexels-giantasparagus-30787557-300x225.jpg 300w, https:\/\/coloquiofronteiras.web.ua.pt\/wp-content\/uploads\/2025\/02\/pexels-giantasparagus-30787557-1024x768.jpg 1024w, https:\/\/coloquiofronteiras.web.ua.pt\/wp-content\/uploads\/2025\/02\/pexels-giantasparagus-30787557-768x576.jpg 768w, https:\/\/coloquiofronteiras.web.ua.pt\/wp-content\/uploads\/2025\/02\/pexels-giantasparagus-30787557-1536x1152.jpg 1536w, https:\/\/coloquiofronteiras.web.ua.pt\/wp-content\/uploads\/2025\/02\/pexels-giantasparagus-30787557-2048x1536.jpg 2048w\" sizes=\"auto, (max-width: 2560px) 100vw, 2560px\" \/><div class=\"wp-block-cover__inner-container is-layout-flow wp-block-cover-is-layout-flow\">\n<div style=\"height:var(--wp--preset--spacing--20)\" aria-hidden=\"true\" class=\"wp-block-spacer\"><\/div>\n<\/div><\/div>\n<\/div>\n\n\n\n<div class=\"wp-block-column is-vertically-aligned-center is-layout-flow wp-block-column-is-layout-flow\" style=\"padding-top:var(--wp--preset--spacing--60);padding-right:var(--wp--preset--spacing--60);padding-bottom:var(--wp--preset--spacing--60);padding-left:var(--wp--preset--spacing--60)\">\n<p class=\"has-large-font-size\">En el contexto de las Am\u00e9ricas, el \u201cProyecto Escuelas Interculturales Bilingu\u0308es de Frontera\u201d (PEIF) del MERCOSUR (2005-2016) es discutido por Oliveira y Morello (2019), quienes destacan las condiciones pol\u00edticas y socioculturales que dieron forma al programa, d\u00f3nde se evidencia la asimetr\u00eda lingu\u0308\u00edstica entre brasile\u00f1os e hispanohablantes. Otros estudios, como los de Santos (2017), Diniz-Pereira y Tallei (2021), Sturza (2019), Guimar\u00e3es et al. (2024) y Ferreira Martins (2022), exploran las din\u00e1micas sociolingu\u0308\u00edsticas, educativas y culturales en las fronteras brasile\u00f1as, abordando las simetr\u00edas y asimetr\u00edas que afectan el uso de las lenguas, las pr\u00e1cticas docentes y las actitudes lingu\u0308\u00edsticas. En la frontera M\u00e9xico-EE. UU., Herrera-Rocha y De la Piedra (2019) muestran c\u00f3mo los programas bilingu\u0308es de transici\u00f3n a menudo resultan en la asimilaci\u00f3n lingu\u0308\u00edstica al ingl\u00e9s y el abandono de las lenguas maternas.<\/p>\n\n\n\n<p>Los estudios citados convergen en la necesidad de construir conocimiento colaborativo sobre las estructuras y caracter\u00edsticas de las relaciones transfronterizas, con un enfoque en la ense\u00f1anza y en la formaci\u00f3n de docentes. Las fronteras, m\u00e1s que divisores geopol\u00edticos, son construcciones hist\u00f3ricas, pol\u00edticas, simb\u00f3licas y culturales que configuran las pr\u00e1cticas y vivencias de sus habitantes (Anzald\u00faa, 2012) o, en otros t\u00e9rminos, \u201clas fronteras son espacios de negociaci\u00f3n simb\u00f3lica, intercambios y transgresiones culturales\u201d (Francis, 2017, p. 108).<\/p>\n\n\n\n<p class=\"has-large-font-size\">Los fen\u00f3menos fronterizos permiten plantear una serie de cuestiones, tanto conceptuales como pr\u00e1cticas, para educadores, formadores e investigadores en educaci\u00f3n, derivadas del contacto y la competencia de lenguas, pero tambi\u00e9n del valor de la colaboraci\u00f3n y cooperaci\u00f3n entre regiones, sus actores e instituciones. Conectando experiencias de fronteras en diversas latitudes, este Coloquio se propone como un espacio de di\u00e1logo con el fin de debatir los desaf\u00edos de los fen\u00f3menos contempor\u00e1neos en estos espacios, incorporando el desarrollo de la interculturalidad y del plurilingu\u0308ismo.<\/p>\n<\/div>\n<\/div>\n<\/div>\n\n\n\n<div class=\"wp-block-group alignfull has-global-padding is-layout-constrained wp-block-group-is-layout-constrained\" style=\"margin-top:0;margin-bottom:0\">\n<div class=\"wp-block-group alignwide is-layout-flow wp-container-core-group-is-layout-7 wp-block-group-is-layout-flow\" style=\"padding-top:var(--wp--preset--spacing--50);padding-bottom:var(--wp--preset--spacing--50)\">\n<h2 class=\"wp-block-heading has-x-large-font-size\">Ejes tem\u00e1ticos<\/h2>\n\n\n\n<ul class=\"wp-block-list has-large-font-size\">\n<li><strong>Pol\u00edticas lingu\u0308\u00edsticas educativas en regiones fronterizas:<\/strong> escenarios educativos, desaf\u00edos y potencialidades de la ense\u00f1anza de lenguas.<\/li>\n\n\n\n<li><strong>Did\u00e1cticas transfronterizas:<\/strong> pr\u00e1cticas pedag\u00f3gicas en contextos multilingu\u0308es; educaci\u00f3n, cultura e identidad.<\/li>\n\n\n\n<li><strong>Representaciones sociolingu\u0308\u00edsticas:<\/strong> creencias y actitudes sobre lenguas-culturas vecinas y su impacto en los procesos de ense\u00f1anza y de aprendizaje.<\/li>\n\n\n\n<li><strong>Formaci\u00f3n docente:<\/strong> Escenario de formaci\u00f3n en contextos plurilingu\u0308es e identidad profesional docente.<\/li>\n<\/ul>\n\n\n\n<div style=\"height:var(--wp--preset--spacing--30)\" aria-hidden=\"true\" class=\"wp-block-spacer\"><\/div>\n\n\n\n<div class=\"wp-block-buttons is-layout-flex wp-block-buttons-is-layout-flex\">\n<div class=\"wp-block-button\"><a class=\"wp-block-button__link wp-element-button\" href=\"https:\/\/coloquiofronteiras.web.ua.pt\/?page_id=902&amp;lang=es\" target=\"_blank\" rel=\"noreferrer noopener\">Env\u00edo de propuestas<\/a><\/div>\n\n\n\n<div class=\"wp-block-button\"><a class=\"wp-block-button__link wp-element-button\" href=\"https:\/\/coloquiofronteiras.web.ua.pt\/?page_id=920&amp;lang=es\" target=\"_blank\" rel=\"noreferrer noopener\">Fechas importantes<\/a><\/div>\n<\/div>\n\n\n\n<div style=\"height:var(--wp--preset--spacing--30)\" aria-hidden=\"true\" class=\"wp-block-spacer\"><\/div>\n<\/div>\n<\/div>\n\n\n\n<div class=\"wp-block-group alignfull has-global-padding is-layout-constrained wp-block-group-is-layout-constrained\" style=\"margin-top:0;margin-bottom:0\">\n<div class=\"wp-block-group alignwide is-layout-flow wp-container-core-group-is-layout-11 wp-block-group-is-layout-flow\" style=\"padding-top:var(--wp--preset--spacing--50);padding-bottom:var(--wp--preset--spacing--50)\">\n<h2 class=\"wp-block-heading has-x-large-font-size\">Referencias<\/h2>\n\n\n\n<div class=\"wp-block-columns is-layout-flex wp-container-core-columns-is-layout-4 wp-block-columns-is-layout-flex\">\n<div class=\"wp-block-column is-layout-flow wp-block-column-is-layout-flow\">\n<div class=\"wp-block-group is-layout-flow wp-block-group-is-layout-flow\" style=\"border-top-color:var(--wp--preset--color--accent-6);border-top-width:1px;padding-top:var(--wp--preset--spacing--30);padding-bottom:var(--wp--preset--spacing--30)\">\n<p class=\"has-small-font-size\">Anzald\u00faa, G. (2012). <em>Borderlands\/La Frontera: The new mestiza<\/em>. Aunt Lute Books. [1\u00aa ed. 1987]<\/p>\n\n\n\n<p class=\"has-small-font-size\">Castro, C., &amp; Schwambach, S. (2023). Projeto de Escolas Bil\u00edngues e Interculturais de fronteira: Uma experi\u00eancia com escolas de Portugal e Espanha. <em>Temas &amp; Matizes, 17<\/em>(30), 207-237. <a href=\"https:\/\/doi.org\/10.48075\/rtm.v17i29.31840\">&nbsp;https:\/\/doi.org\/10.48075\/rtm.v17i29.31840<\/a>&nbsp;<\/p>\n\n\n\n<p class=\"has-small-font-size\">Diniz-Pereira, J. E., &amp; Tallei, J. I. (2021) A dimens\u00e3o da forma\u00e7\u00e3o permanente de docentes que atuam nas escolas de fronteira.&nbsp;<em>Revista Ibero-Americana de Estudos em Educa\u00e7\u00e3o<\/em>, Araraquara, <em>16<\/em>(4), 2263\u20132278. https:\/\/doi.org\/10.21723\/riaee.v16i4.14941<\/p>\n\n\n\n<p class=\"has-small-font-size\">Ferreira Martins, V. (2022). Las variedades ling\u00fc\u00edsticas del espa\u00f1ol en la frontera Brasil-Bolivia: Por una ense\u00f1anza intercultural. <em>Literatura y Ling\u00fc\u00edstica, 45<\/em>, 485\u2013515. <a href=\"https:\/\/ediciones.ucsh.cl\/index.php\/lyl\/article\/view\/2109\">&nbsp;https:\/\/ediciones.ucsh.cl\/index.php\/lyl\/article\/view\/2109<\/a>.<\/p>\n\n\n\n<p class=\"has-small-font-size\">Francis, M. (2017). A fala do mens\u00fa nos contos de Horacio Quiroga e sua tradu\u00e7\u00e3o ao portugu\u00eas rio-grandense. In N. P. P. Prata et al. (Orgs.), <em>Espanhol em pauta: Perspectivas te\u00f3rico-anal\u00edticas<\/em> (pp107\u2013115).&nbsp; Editora Apris.&nbsp;<\/p>\n\n\n\n<p class=\"has-small-font-size\">Gallego-Noche, B., Goenechea, C., G\u00f3mez-Ruiz, M. \u00c1., &amp; Mach\u00edn-Alvarez, M. (2023). Towards intercultural education: Exploring perceptions of cultural diversity and identities of adolescents living in the border area between Spain and Morocco. <em>Education Sciences, 13<\/em>(6), 559. <a href=\"https:\/\/doi.org\/10.3390\/educsci13060559\">https:\/\/doi.org\/10.3390\/educsci13060559<\/a><\/p>\n\n\n\n<p class=\"has-small-font-size\">Goenechea, C., Mach\u00edn \u00c1lvarez, M., &amp; Belkat, S. (2024). Interculturalidad e identidad en la frontera sur de Europa: La visi\u00f3n de sus habitantes j\u00f3venes [Interculturality and identity on Europe\u2019s southern border: The vision of its young inhabitants]. <em>Estudios Fronterizos, 25<\/em>, 1-28.<a href=\"https:\/\/doi.org\/10.21670\/ref.2404140\"> https:\/\/doi.org\/10.21670\/ref.2404140<\/a><\/p>\n\n\n\n<p class=\"has-small-font-size\">Guimar\u00e3es, T. F., Buin, E., &amp; Garcia, R. I. D. (2024). Pr\u00e1ticas de translinguagem com estudantes multil\u00edngues em uma escola de fronteira. <em>Temas &amp; Matizes<\/em>, <em>17<\/em>, 289\u2013314. <a href=\"https:\/\/doi.org\/10.48075\/rtm.v17i29.32001\">https:\/\/doi.org\/10.48075\/rtm.v17i29.32001<\/a><\/p>\n\n\n\n<p class=\"has-small-font-size\">Herrera-Rocha, L., &amp; de la Piedra, M. T. (2019). Ideologies of language among ELLs on the US-Mexico border: The case of a transitional bilingual programme. <em>Journal of Multilingual and Multicultural Development, 40<\/em>(8), 665\u2013678.<a href=\"https:\/\/www.tandfonline.com\/doi\/full\/10.1080\/01434632.2018.1544638\"> https:\/\/www.tandfonline.com\/doi\/full\/10.1080\/01434632.2018.1544638<\/a>&nbsp;&nbsp;<\/p>\n\n\n\n<p class=\"has-small-font-size\">Louren\u00e7o-Sim\u00f5es, C., Ara\u00fajo e S\u00e1, M. H., &amp; Matesanz del Barrio, M. (2024a). Enfocando la interculturalidad: Revisi\u00f3n de literatura sobre proyectos y estudios de educaci\u00f3n en lenguas realizados en contextos de frontera. <em>Revista de Investigaci\u00f3n Educativa, 42<\/em>(2).<a href=\"https:\/\/doi.org\/10.6018\/rie.565531\"> https:\/\/doi.org\/10.6018\/rie.565531<\/a>&nbsp;&nbsp;<\/p>\n<\/div>\n<\/div>\n\n\n\n<div class=\"wp-block-column is-layout-flow wp-block-column-is-layout-flow\">\n<div class=\"wp-block-group is-layout-flow wp-block-group-is-layout-flow\" style=\"border-top-color:var(--wp--preset--color--accent-6);border-top-width:1px;padding-top:var(--wp--preset--spacing--30);padding-bottom:var(--wp--preset--spacing--30)\">\n<p class=\"has-small-font-size\">Louren\u00e7o-Sim\u00f5es, C., Ara\u00fajo e S\u00e1, M. H., &amp; Matesanz del Barrio, M. (2024b). <em>Interculturalidad sin fronteras: hermen\u00e9utica del concepto en proyectos de aprendizaje desarrollados en la raya luso-espa\u00f1ola<\/em>. [Manuscrito submetido].&nbsp;<\/p>\n\n\n\n<p class=\"has-small-font-size\">Matesanz, M., Ferreira, V., &amp; Ara\u00fajo e S\u00e1, M. H. (2023). Projeto Escolas Bilingues e Interculturais de Fronteira (PEBIF): Um projeto transfronteiri\u00e7o e integrador na Pen\u00ednsula Ib\u00e9rica. <em>Revista Iberoamericana de Educaci\u00f3n, 93<\/em>(1), 45\u201365.<a href=\"https:\/\/rieoei.org\/RIE\/article\/download\/5998\/4765\/13616\"> https:\/\/rieoei.org\/RIE\/article\/download\/5998\/4765\/13616<\/a>&nbsp;&nbsp;<\/p>\n\n\n\n<p class=\"has-small-font-size\">Oliveira, G. M. de., &amp; Morello, R. (2019). A fronteira como recurso: o bilinguismo portugu\u00eas-espanhol e o Projeto Escolas Interculturais Bil\u00edngues de Fronteira do MERCOSUL (2005-2016). <em>Revista Iberoamericana de Educaci\u00f3n, 81<\/em>(1), 53\u201374. <a href=\"https:\/\/rieoei.org\/RIE\/article\/view\/3567\">&nbsp;https:\/\/rieoei.org\/RIE\/article\/view\/3567<\/a>.&nbsp;&nbsp;<\/p>\n\n\n\n<p class=\"has-small-font-size\">Pevec Semec, K. (2018). Mobile Teachers at Border Schools &#8211; multilingualism and interculturalism as new challenges for professional Development.\u202f<em>Center for Educational Policy Studies Journa<\/em>l,\u202f<em>8<\/em>(4), 47-62.<a href=\"https:\/\/www.cepsj.si\/index.php\/cepsj\/article\/view\/551\"> https:\/\/www.cepsj.si\/index.php\/cepsj\/article\/view\/551<\/a>&nbsp;&nbsp;<\/p>\n\n\n\n<p class=\"has-small-font-size\">Putsche, J., &amp; Faucompr\u00e9, C. (2016). Formation des professeurs de langues en r\u00e9gion frontali\u00e8re: Croyances et repr\u00e9sentations des futurs professeurs d&#8217;allemand en Alsace face \u00e0 l&#8217;enseignement de la langue du voisin.\u202fEducation et soci\u00e9t\u00e9s plurilingues,40, 47-60.<a href=\"https:\/\/doi.org\/10.4000\/esp.817\"> https:\/\/doi.org\/10.4000\/esp.817<\/a>&nbsp;<\/p>\n\n\n\n<p class=\"has-small-font-size\">Santos, M. E. P. (2017). Portunhol Selvagem: translinguagens em cen\u00e1rio transl\u00edngue\/transcultural de fronteira.&nbsp;<em>Gragoat\u00e1<\/em>,&nbsp;<em>22<\/em>(42), 523-539.<a href=\"https:\/\/periodicos.uff.br\/gragoata\/article\/view\/33483\"> https:\/\/periodicos.uff.br\/gragoata\/article\/view\/33483<\/a>&nbsp;&nbsp;<\/p>\n\n\n\n<p class=\"has-small-font-size\">Sturza, E. R. (2019). Portunhol: l\u00edngua, hist\u00f3ria e pol\u00edtica. <em>Gragoat\u00e1, 24<\/em>(48), 95\u2013116. https:\/\/doi.org\/10.22409\/gragoata.2019n48a33621&nbsp;<\/p>\n\n\n\n<p class=\"has-small-font-size\">Ulh\u00f4a, A., &amp; Ara\u00fajo e S\u00e1, M. H. (2024 a). Intera\u00e7\u00f5es docentes transfronteiri\u00e7as nas raias entre Portugal e Espanha: Uma experi\u00eancia de forma\u00e7\u00e3o cont\u00ednua a partir do Projeto Escolas Bil\u00edngues e Interculturais de Fronteira (PEBIF). <em>EduSer, 16<\/em>(2).<a href=\"https:\/\/doi.org\/10.34620\/eduser.v16i2.292\"> https:\/\/doi.org\/10.34620\/eduser.v16i2.292<\/a>&nbsp;<\/p>\n\n\n\n<p class=\"has-small-font-size\">Ulh\u00f4a, A., &amp; Ara\u00fajo e S\u00e1, M. H. (2024 b). Projeto Escolas Bilingues e Interculturais de Fronteira (PEBIF): Educa\u00e7\u00e3o transfronteiri\u00e7a nas raias entre Portugal e Espanha. <em>Boletim da Appele<\/em>. https:\/\/orcid.org\/0000-0002-0583-6179<\/p>\n<\/div>\n<\/div>\n<\/div>\n<\/div>\n<\/div>\n\n\n\n<div class=\"wp-block-group alignfull is-style-section-1 has-global-padding is-content-justification-center is-layout-constrained wp-block-group-is-layout-constrained is-style-section-1--2\" style=\"margin-top:0;margin-bottom:0;padding-top:var(--wp--preset--spacing--50);padding-bottom:var(--wp--preset--spacing--50)\">\n<div class=\"wp-block-columns alignwide are-vertically-aligned-center is-layout-flex wp-container-core-columns-is-layout-5 wp-block-columns-is-layout-flex\">\n<div class=\"wp-block-column is-vertically-aligned-center is-layout-flow wp-block-column-is-layout-flow\">\n<div class=\"wp-block-group is-vertical is-content-justification-stretch is-layout-flex wp-container-core-group-is-layout-13 wp-block-group-is-layout-flex\" style=\"min-height:100%\">\n<h2 class=\"wp-block-heading has-x-large-font-size\">Lugar del Evento<\/h2>\n\n\n\n<p class=\"is-style-text-display has-large-font-size is-style-text-display--3\">El evento se realizar\u00e1 en el Departamento de Educaci\u00f3n y Psicolog\u00eda de la Universidad de Aveiro, en Portugal. La programaci\u00f3n incluir\u00e1 mesas redondas organizadas con base en las ponencias aceptadas, explorando diversas perspectivas sobre la educaci\u00f3n lingu\u0308\u00edstica e intercultural en contextos fronterizos.<\/p>\n\n\n\n<p class=\"has-large-font-size\" style=\"text-transform:uppercase\"><a href=\"https:\/\/coloquiofronteiras.web.ua.pt\/?page_id=111\" target=\"_blank\" rel=\"noreferrer noopener\">C\u00f3mo llegar<\/a><\/p>\n<\/div>\n<\/div>\n\n\n\n<div class=\"wp-block-column is-vertically-aligned-center is-layout-flow wp-block-column-is-layout-flow\">\n<figure class=\"wp-block-image size-large\"><img loading=\"lazy\" decoding=\"async\" width=\"1024\" height=\"682\" src=\"https:\/\/coloquiofronteiras.web.ua.pt\/wp-content\/uploads\/2025\/02\/DJI_0829-1024x682.jpg\" alt=\"\" class=\"wp-image-99\" srcset=\"https:\/\/coloquiofronteiras.web.ua.pt\/wp-content\/uploads\/2025\/02\/DJI_0829-1024x682.jpg 1024w, https:\/\/coloquiofronteiras.web.ua.pt\/wp-content\/uploads\/2025\/02\/DJI_0829-300x200.jpg 300w, https:\/\/coloquiofronteiras.web.ua.pt\/wp-content\/uploads\/2025\/02\/DJI_0829-768x512.jpg 768w, https:\/\/coloquiofronteiras.web.ua.pt\/wp-content\/uploads\/2025\/02\/DJI_0829-1536x1023.jpg 1536w, https:\/\/coloquiofronteiras.web.ua.pt\/wp-content\/uploads\/2025\/02\/DJI_0829-2048x1364.jpg 2048w\" sizes=\"auto, (max-width: 1024px) 100vw, 1024px\" \/><figcaption class=\"wp-element-caption\"><sub>Departamento de Educa\u00e7\u00e3o e Psicologia (DEP) da Universidade de Aveiro (UA) \u2013 edif\u00edcios 5 e 18. Fotografia por Universidade de Aveiro<\/sub><\/figcaption><\/figure>\n<\/div>\n<\/div>\n<\/div>\n","protected":false},"excerpt":{"rendered":"<p>Presentaci\u00f3n La Universidad de Aveiro (UA) invita a investigadores, formadores, docentes y dem\u00e1s interesados a presentar trabajos para el Coloquio Internacional de Plurilingu\u0308ismo e Interculturalidad en las Fronteras \u2013 Desaf\u00edos y Perspectivas para la Ense\u00f1anza y la Formaci\u00f3n, que se llevar\u00e1 a cabo los d\u00edas 06 y 07 de noviembre de 2025. Con el objetivo [&hellip;]<\/p>\n","protected":false},"author":3,"featured_media":0,"parent":0,"menu_order":1,"comment_status":"closed","ping_status":"closed","template":"page-no-title","meta":{"footnotes":""},"class_list":["post-830","page","type-page","status-publish","hentry"],"_links":{"self":[{"href":"https:\/\/coloquiofronteiras.web.ua.pt\/index.php?rest_route=\/wp\/v2\/pages\/830","targetHints":{"allow":["GET"]}}],"collection":[{"href":"https:\/\/coloquiofronteiras.web.ua.pt\/index.php?rest_route=\/wp\/v2\/pages"}],"about":[{"href":"https:\/\/coloquiofronteiras.web.ua.pt\/index.php?rest_route=\/wp\/v2\/types\/page"}],"author":[{"embeddable":true,"href":"https:\/\/coloquiofronteiras.web.ua.pt\/index.php?rest_route=\/wp\/v2\/users\/3"}],"replies":[{"embeddable":true,"href":"https:\/\/coloquiofronteiras.web.ua.pt\/index.php?rest_route=%2Fwp%2Fv2%2Fcomments&post=830"}],"version-history":[{"count":6,"href":"https:\/\/coloquiofronteiras.web.ua.pt\/index.php?rest_route=\/wp\/v2\/pages\/830\/revisions"}],"predecessor-version":[{"id":1232,"href":"https:\/\/coloquiofronteiras.web.ua.pt\/index.php?rest_route=\/wp\/v2\/pages\/830\/revisions\/1232"}],"wp:attachment":[{"href":"https:\/\/coloquiofronteiras.web.ua.pt\/index.php?rest_route=%2Fwp%2Fv2%2Fmedia&parent=830"}],"curies":[{"name":"wp","href":"https:\/\/api.w.org\/{rel}","templated":true}]}}