{"id":902,"date":"2025-05-27T17:10:41","date_gmt":"2025-05-27T17:10:41","guid":{"rendered":"https:\/\/coloquiofronteiras.web.ua.pt\/?page_id=902"},"modified":"2025-09-15T16:55:17","modified_gmt":"2025-09-15T16:55:17","slug":"envio-de-propuestas","status":"publish","type":"page","link":"https:\/\/coloquiofronteiras.web.ua.pt\/?page_id=902&lang=es","title":{"rendered":"Env\u00edo de propuestas"},"content":{"rendered":"\n<div class=\"wp-block-group alignfull has-background is-layout-flow wp-block-group-is-layout-flow\" style=\"background-color:#f2f0e9;padding-right:var(--wp--preset--spacing--40);padding-left:var(--wp--preset--spacing--40)\">\n<div style=\"height:70px\" aria-hidden=\"true\" class=\"wp-block-spacer\"><\/div>\n\n\n\n<div class=\"wp-block-columns alignwide is-layout-flex wp-container-core-columns-is-layout-1 wp-block-columns-is-layout-flex\">\n<div class=\"wp-block-column is-layout-flow wp-block-column-is-layout-flow\" style=\"flex-basis:50%\">\n<p class=\"has-text-align-right has-text-color has-x-large-font-size\" style=\"color:#000000;line-height:1.1\"><strong>Env\u00edo de propuestas<\/strong><\/p>\n<\/div>\n\n\n\n<div class=\"wp-block-column is-vertically-aligned-center is-layout-flow wp-block-column-is-layout-flow\" style=\"flex-basis:50%\">\n<hr class=\"wp-block-separator has-text-color has-css-opacity has-background is-style-wide is-style-wide--1\" style=\"background-color:#000000;color:#000000\"\/>\n<\/div>\n<\/div>\n\n\n\n<div class=\"wp-block-columns alignwide is-layout-flex wp-container-core-columns-is-layout-2 wp-block-columns-is-layout-flex\">\n<div class=\"wp-block-column is-layout-flow wp-block-column-is-layout-flow\"><\/div>\n\n\n\n<div class=\"wp-block-column is-layout-flow wp-block-column-is-layout-flow\">\n<p class=\"has-large-font-size\">Los interesados deber\u00e1n enviar sus propuestas antes del <s>5<\/s> <strong>20 de junio de 2025<\/strong> [nueva fecha] a trav\u00e9s del enlace: <a href=\"https:\/\/easychair.org\/conferences\/?conf=fronteiras2025\" target=\"_blank\" rel=\"noreferrer noopener\">https:\/\/easychair.org\/conferences\/?conf=fronteiras2025<\/a>.<\/p>\n\n\n\n<p class=\"has-large-font-size\">El resumen deber\u00e1 enviarse en uno de los idiomas del coloquio: portugu\u00e9s, alem\u00e1n, espa\u00f1ol, franc\u00e9s, ingl\u00e9s o italiano.<\/p>\n\n\n\n<p class=\"has-text-color has-large-font-size\" style=\"color:#000000\">Las propuestas deben seguir el formato indicado por la organizaci\u00f3n (disponible para descargar a continuaci\u00f3n) y contener:<\/p>\n\n\n\n<ul class=\"wp-block-list\">\n<li class=\"has-large-font-size\">t\u00edtulo<\/li>\n\n\n\n<li><a href=\"https:\/\/coloquiofronteiras.web.ua.pt\/?page_id=830&amp;lang=es\" target=\"_blank\" rel=\"noreferrer noopener\">eje tem\u00e1tico<\/a><\/li>\n\n\n\n<li>tipo de env\u00edo (comunicaci\u00f3n o simposio)<\/li>\n\n\n\n<li>palabras clave (entre 3 y 5)<\/li>\n\n\n\n<li>resumen (entre 300 y 500 palabras, sin incluir bibliograf\u00eda): contextualizaci\u00f3n, fundamentos te\u00f3ricos, descripci\u00f3n del estudio emp\u00edrico (si aplica), aportes a la reflexi\u00f3n sobre el campo<\/li>\n\n\n\n<li>referencias bibliogr\u00e1ficas (entre 3 y 5).<\/li>\n<\/ul>\n\n\n\n<div class=\"wp-block-buttons is-layout-flex wp-block-buttons-is-layout-flex\">\n<div class=\"wp-block-button\"><a class=\"wp-block-button__link wp-element-button\" href=\"https:\/\/coloquiofronteiras.web.ua.pt\/wp-content\/uploads\/2025\/02\/Modelo-proposta-de-comunicacao_anonimizado.docx\" target=\"_blank\" rel=\"noreferrer noopener\">Descargar el modelo de resumen<\/a><\/div>\n\n\n\n<div class=\"wp-block-button\"><a class=\"wp-block-button__link wp-element-button\" href=\"https:\/\/coloquiofronteiras.web.ua.pt\/wp-content\/uploads\/2025\/07\/Modelo-comunicacao_com-dados.docx\">Modelo de resumen con informaci\u00f3n sobre el autor<\/a><\/div>\n<\/div>\n\n\n\n<div style=\"height:20px\" aria-hidden=\"true\" class=\"wp-block-spacer\"><\/div>\n\n\n\n<h2 class=\"wp-block-heading has-x-large-font-size\">Tipo de Presentaci\u00f3n<\/h2>\n\n\n\n<p class=\"has-large-font-size\"><strong>Comunicaci\u00f3n<\/strong> \u2013 Presentaci\u00f3n individual dentro de los ejes tem\u00e1ticos del evento. 20 minutos de presentaci\u00f3n + 10 minutos para preguntas.<\/p>\n\n\n\n<p><strong>Simposio<\/strong> \u2013 Presentaci\u00f3n en grupo dentro de los ejes tem\u00e1ticos del evento. Los simposios est\u00e1n previstos para una duraci\u00f3n de 90 minutos y deben incluir entre 3 y 4 comunicaciones. El responsable de la organizaci\u00f3n del simposio deber\u00e1:<\/p>\n\n\n\n<ul class=\"wp-block-list has-large-font-size\">\n<li>redactar un resumen del simposio para incluir en el campo de resumen en la plataforma EasyChair;<\/li>\n\n\n\n<li>recopilar los res\u00famenes de cada participante;<\/li>\n\n\n\n<li>enviar la propuesta completa, subiendo un archivo de Word que incluya todos los res\u00famenes (resumen del simposio y de las comunicaciones que lo componen) de acuerdo con las indicaciones anteriores.<\/li>\n<\/ul>\n<\/div>\n<\/div>\n\n\n\n<div style=\"height:var(--wp--preset--spacing--30)\" aria-hidden=\"true\" class=\"wp-block-spacer\"><\/div>\n\n\n\n<div style=\"height:40px\" aria-hidden=\"true\" class=\"wp-block-spacer\"><\/div>\n<\/div>\n\n\n\n<div class=\"wp-block-group alignfull has-global-padding is-layout-constrained wp-container-core-group-is-layout-3 wp-block-group-is-layout-constrained\" style=\"min-height:0vh;margin-top:0;margin-bottom:0;padding-top:var(--wp--preset--spacing--70);padding-right:var(--wp--preset--spacing--40);padding-bottom:var(--wp--preset--spacing--70);padding-left:var(--wp--preset--spacing--40)\">\n<div class=\"wp-block-group has-global-padding is-layout-constrained wp-container-core-group-is-layout-2 wp-block-group-is-layout-constrained\">\n<div class=\"wp-block-buttons is-content-justification-center is-layout-flex wp-container-core-buttons-is-layout-2 wp-block-buttons-is-layout-flex\">\n<div class=\"wp-block-button\"><a class=\"wp-block-button__link wp-element-button\" href=\"https:\/\/coloquiofronteiras.web.ua.pt\/?page_id=830&amp;lang=es\" target=\"_blank\" rel=\"noreferrer noopener\">Presentaci\u00f3n<\/a><\/div>\n\n\n\n<div class=\"wp-block-button\"><a class=\"wp-block-button__link wp-element-button\" href=\"https:\/\/coloquiofronteiras.web.ua.pt\/?page_id=902&amp;lang=es\" target=\"_blank\" rel=\"noreferrer noopener\">Fechas importantes<\/a><\/div>\n<\/div>\n<\/div>\n<\/div>\n\n\n\n<div class=\"wp-block-group alignfull has-background is-layout-flow wp-block-group-is-layout-flow\" style=\"background-color:#f2f0e9;padding-top:0;padding-right:var(--wp--preset--spacing--40);padding-bottom:0;padding-left:var(--wp--preset--spacing--40)\">\n<div style=\"height:70px\" aria-hidden=\"true\" class=\"wp-block-spacer\"><\/div>\n\n\n\n<div class=\"wp-block-columns alignwide is-layout-flex wp-container-core-columns-is-layout-3 wp-block-columns-is-layout-flex\">\n<div class=\"wp-block-column is-layout-flow wp-block-column-is-layout-flow\" style=\"flex-basis:50%\">\n<p class=\"has-text-align-right has-text-color has-x-large-font-size\" style=\"color:#000000;line-height:1.1\"><strong>Lenguas del evento<\/strong><\/p>\n<\/div>\n\n\n\n<div class=\"wp-block-column is-vertically-aligned-center is-layout-flow wp-block-column-is-layout-flow\" style=\"flex-basis:50%\">\n<hr class=\"wp-block-separator has-text-color has-css-opacity has-background is-style-wide is-style-wide--2\" style=\"background-color:#000000;color:#000000\"\/>\n<\/div>\n<\/div>\n\n\n\n<div class=\"wp-block-columns alignwide is-layout-flex wp-container-core-columns-is-layout-4 wp-block-columns-is-layout-flex\">\n<div class=\"wp-block-column is-layout-flow wp-block-column-is-layout-flow\"><\/div>\n\n\n\n<div class=\"wp-block-column is-layout-flow wp-block-column-is-layout-flow\">\n<p class=\"has-text-color has-large-font-size\" style=\"color:#000000\">El evento ser\u00e1 plurilingu\u0308e, con uno de los idiomas siendo portugu\u00e9s, alem\u00e1n, espa\u00f1ol, franc\u00e9s, ingl\u00e9s o italiano.<\/p>\n\n\n\n<p>Las presentaciones deber\u00e1n ser biling\u00fces: por ejemplo, la presentaci\u00f3n estar\u00e1 en un idioma y la presentaci\u00f3n oral se realizar\u00e1 en otro.<\/p>\n<\/div>\n<\/div>\n\n\n\n<div style=\"height:40px\" aria-hidden=\"true\" class=\"wp-block-spacer\"><\/div>\n<\/div>\n\n\n\n<div class=\"wp-block-group alignfull has-background is-layout-flow wp-block-group-is-layout-flow\" style=\"background-color:#f2f0e9;padding-right:var(--wp--preset--spacing--40);padding-left:var(--wp--preset--spacing--40)\">\n<div style=\"height:70px\" aria-hidden=\"true\" class=\"wp-block-spacer\"><\/div>\n\n\n\n<div class=\"wp-block-columns alignwide is-layout-flex wp-container-core-columns-is-layout-5 wp-block-columns-is-layout-flex\">\n<div class=\"wp-block-column is-layout-flow wp-block-column-is-layout-flow\" style=\"flex-basis:50%\">\n<p class=\"has-text-align-right has-text-color has-x-large-font-size\" style=\"color:#000000;line-height:1.1\"><strong>Formato<\/strong><\/p>\n<\/div>\n\n\n\n<div class=\"wp-block-column is-vertically-aligned-center is-layout-flow wp-block-column-is-layout-flow\" style=\"flex-basis:50%\">\n<hr class=\"wp-block-separator has-text-color has-css-opacity has-background is-style-wide is-style-wide--3\" style=\"background-color:#000000;color:#000000\"\/>\n<\/div>\n<\/div>\n\n\n\n<div class=\"wp-block-columns alignwide is-layout-flex wp-container-core-columns-is-layout-6 wp-block-columns-is-layout-flex\">\n<div class=\"wp-block-column is-layout-flow wp-block-column-is-layout-flow\"><\/div>\n\n\n\n<div class=\"wp-block-column is-layout-flow wp-block-column-is-layout-flow\">\n<p class=\"has-text-color has-large-font-size\" style=\"color:#000000\">El evento es presencial. Sin embargo, se prev\u00e9 la posibilidad de presentaciones en formato virtual. Los participantes que deseen optar por este formato deber\u00e1n indicarlo al final de su propuesta de resumen. Las presentaciones en formato virtual estar\u00e1n limitadas a uno de los d\u00edas del Coloquio y requerir\u00e1n inscripci\u00f3n con el debido pago. El evento presencial no ser\u00e1 transmitido virtualmente.<\/p>\n<\/div>\n<\/div>\n\n\n\n<div style=\"height:40px\" aria-hidden=\"true\" class=\"wp-block-spacer\"><\/div>\n<\/div>\n\n\n\n<div class=\"wp-block-group alignfull has-background is-layout-flow wp-block-group-is-layout-flow\" style=\"background-color:#f2f0e9;padding-right:var(--wp--preset--spacing--40);padding-left:var(--wp--preset--spacing--40)\">\n<div style=\"height:70px\" aria-hidden=\"true\" class=\"wp-block-spacer\"><\/div>\n\n\n\n<div class=\"wp-block-columns alignwide is-layout-flex wp-container-core-columns-is-layout-7 wp-block-columns-is-layout-flex\">\n<div class=\"wp-block-column is-layout-flow wp-block-column-is-layout-flow\" style=\"flex-basis:50%\">\n<p class=\"has-text-align-right has-text-color has-x-large-font-size\" style=\"color:#000000;line-height:1.1\"><strong>Publicaci\u00f3n de Trabajos<\/strong><\/p>\n<\/div>\n\n\n\n<div class=\"wp-block-column is-vertically-aligned-center is-layout-flow wp-block-column-is-layout-flow\" style=\"flex-basis:50%\">\n<hr class=\"wp-block-separator has-text-color has-css-opacity has-background is-style-wide is-style-wide--4\" style=\"background-color:#000000;color:#000000\"\/>\n<\/div>\n<\/div>\n\n\n\n<div class=\"wp-block-columns alignwide is-layout-flex wp-container-core-columns-is-layout-8 wp-block-columns-is-layout-flex\">\n<div class=\"wp-block-column is-layout-flow wp-block-column-is-layout-flow\"><\/div>\n\n\n\n<div class=\"wp-block-column is-layout-flow wp-block-column-is-layout-flow\">\n<p class=\"has-text-color has-large-font-size\" style=\"color:#000000\">Los trabajos presentados podr\u00e1n formar parte de una colecci\u00f3n multilingu\u0308e que ser\u00e1 publicada por la editorial Peter Lang, titulada <em>Plurilingu\u0308ismo e Interculturalidad en Fronteras: Desaf\u00edos y Perspectivas para la Ense\u00f1anza y la Formaci\u00f3n<\/em>. La obra ser\u00e1 coeditada por Maria Helena de Ara\u00fajo e S\u00e1 (Universidad de Aveiro, Portugal) y Thayse Figueira Guimar\u00e3es (Universidad Federal de Grande Dourados, Brasil).<\/p>\n<\/div>\n<\/div>\n\n\n\n<div style=\"height:40px\" aria-hidden=\"true\" class=\"wp-block-spacer\"><\/div>\n<\/div>\n\n\n\n<p><\/p>\n","protected":false},"excerpt":{"rendered":"<p>Env\u00edo de propuestas Los interesados deber\u00e1n enviar sus propuestas antes del 5 20 de junio de 2025 [nueva fecha] a trav\u00e9s del enlace: https:\/\/easychair.org\/conferences\/?conf=fronteiras2025. El resumen deber\u00e1 enviarse en uno de los idiomas del coloquio: portugu\u00e9s, alem\u00e1n, espa\u00f1ol, franc\u00e9s, ingl\u00e9s o italiano. Las propuestas deben seguir el formato indicado por la organizaci\u00f3n (disponible para descargar [&hellip;]<\/p>\n","protected":false},"author":3,"featured_media":0,"parent":0,"menu_order":2,"comment_status":"closed","ping_status":"closed","template":"","meta":{"footnotes":""},"class_list":["post-902","page","type-page","status-publish","hentry"],"_links":{"self":[{"href":"https:\/\/coloquiofronteiras.web.ua.pt\/index.php?rest_route=\/wp\/v2\/pages\/902","targetHints":{"allow":["GET"]}}],"collection":[{"href":"https:\/\/coloquiofronteiras.web.ua.pt\/index.php?rest_route=\/wp\/v2\/pages"}],"about":[{"href":"https:\/\/coloquiofronteiras.web.ua.pt\/index.php?rest_route=\/wp\/v2\/types\/page"}],"author":[{"embeddable":true,"href":"https:\/\/coloquiofronteiras.web.ua.pt\/index.php?rest_route=\/wp\/v2\/users\/3"}],"replies":[{"embeddable":true,"href":"https:\/\/coloquiofronteiras.web.ua.pt\/index.php?rest_route=%2Fwp%2Fv2%2Fcomments&post=902"}],"version-history":[{"count":12,"href":"https:\/\/coloquiofronteiras.web.ua.pt\/index.php?rest_route=\/wp\/v2\/pages\/902\/revisions"}],"predecessor-version":[{"id":1706,"href":"https:\/\/coloquiofronteiras.web.ua.pt\/index.php?rest_route=\/wp\/v2\/pages\/902\/revisions\/1706"}],"wp:attachment":[{"href":"https:\/\/coloquiofronteiras.web.ua.pt\/index.php?rest_route=%2Fwp%2Fv2%2Fmedia&parent=902"}],"curies":[{"name":"wp","href":"https:\/\/api.w.org\/{rel}","templated":true}]}}