{"id":965,"date":"2025-05-28T13:19:25","date_gmt":"2025-05-28T13:19:25","guid":{"rendered":"https:\/\/coloquiofronteiras.web.ua.pt\/?page_id=965"},"modified":"2025-05-28T13:19:25","modified_gmt":"2025-05-28T13:19:25","slug":"lugar-del-evento","status":"publish","type":"page","link":"https:\/\/coloquiofronteiras.web.ua.pt\/?page_id=965&lang=es","title":{"rendered":"Lugar del evento"},"content":{"rendered":"\n<div class=\"wp-block-group alignfull has-accent-5-background-color has-background has-global-padding is-layout-constrained wp-container-core-group-is-layout-1 wp-block-group-is-layout-constrained\" style=\"margin-top:0;margin-bottom:0;padding-top:var(--wp--preset--spacing--50);padding-right:var(--wp--preset--spacing--50);padding-bottom:var(--wp--preset--spacing--50);padding-left:var(--wp--preset--spacing--50)\">\n<div class=\"wp-block-columns alignwide is-layout-flex wp-container-core-columns-is-layout-1 wp-block-columns-is-layout-flex\">\n<div class=\"wp-block-column is-layout-flow wp-block-column-is-layout-flow\" style=\"flex-basis:40%\">\n<h2 class=\"wp-block-heading has-x-large-font-size\">Universidad de Aveiro (UA)<\/h2>\n\n\n\n<p class=\"has-large-font-size\">Departamento de Educaci\u00f3n y Psicolog\u00eda<\/p>\n\n\n\n<p class=\"has-large-font-size\">Campus Universitario de Santiago<\/p>\n\n\n\n<p class=\"has-large-font-size\">3810-193 Aveiro \u2013 Portugal<\/p>\n\n\n\n<p class=\"has-large-font-size\">Tel\u00e9fono: (+351) 234 370 200<\/p>\n<\/div>\n\n\n\n<div class=\"wp-block-column is-vertically-aligned-center is-layout-flow wp-block-column-is-layout-flow\" style=\"flex-basis:60%\">\n<iframe src=\"https:\/\/www.google.com\/maps\/embed?pb=!1m18!1m12!1m3!1d3027.896099543454!2d-8.660984223514669!3d40.632173271405854!2m3!1f0!2f0!3f0!3m2!1i1024!2i768!4f13.1!3m3!1m2!1s0xd23a2aadce2b44f%3A0xbc67396b79716d66!2sDepartamento%20de%20Educa%C3%A7%C3%A3o%20e%20Psicologia!5e0!3m2!1spt-PT!2spt!4v1739803351990!5m2!1spt-PT!2spt\" width=\"600\" height=\"450\" style=\"border:0;\" allowfullscreen=\"\" loading=\"lazy\" referrerpolicy=\"no-referrer-when-downgrade\"><\/iframe>\n<\/div>\n<\/div>\n<\/div>\n\n\n\n<div class=\"wp-block-group alignfull has-global-padding is-layout-constrained wp-container-core-group-is-layout-6 wp-block-group-is-layout-constrained\" style=\"padding-top:var(--wp--preset--spacing--50);padding-right:var(--wp--preset--spacing--50);padding-bottom:var(--wp--preset--spacing--50);padding-left:var(--wp--preset--spacing--50)\">\n<div class=\"wp-block-columns alignwide is-layout-flex wp-container-core-columns-is-layout-2 wp-block-columns-is-layout-flex\">\n<div class=\"wp-block-column is-vertically-aligned-top is-layout-flow wp-block-column-is-layout-flow\" style=\"flex-basis:33%\">\n<p class=\"has-heading-font-family has-x-large-font-size\" style=\"line-height:1.2\">C\u00f3mo llegar<\/p>\n<\/div>\n\n\n\n<div class=\"wp-block-column is-vertically-aligned-top is-layout-flow wp-container-core-column-is-layout-4 wp-block-column-is-layout-flow\">\n<div class=\"wp-block-group is-nowrap is-layout-flex wp-container-core-group-is-layout-4 wp-block-group-is-layout-flex\">\n<div class=\"wp-block-group is-vertical is-content-justification-left is-nowrap is-layout-flex wp-container-core-group-is-layout-2 wp-block-group-is-layout-flex\">\n<p class=\"has-x-large-font-size\" style=\"font-style:normal;font-weight:500\"><strong>De Oporto a Aveiro<\/strong><\/p>\n\n\n\n<p class=\"has-large-font-size\">Si vuela a Oporto, la mejor forma de viajar a Aveiro es en <a href=\"https:\/\/www.cp.pt\/passageiros\/en\/train-times\" target=\"_blank\" rel=\"noreferrer noopener\">tren<\/a> (aproximadamente 1 hora de viaje). La mejor estaci\u00f3n de tren de Oporto para este viaje es Porto-Campanh\u00e3. El trayecto desde el aeropuerto de Oporto hasta la estaci\u00f3n de tren Porto-Campanh\u00e3 se puede hacer en taxi\/Uber o en metro (menos caro, unos 40 minutos). Puede coger el <a href=\"http:\/\/en.metrodoporto.pt\/\" target=\"_blank\" rel=\"noreferrer noopener\">metro<\/a> a la salida del aeropuerto y dirigirse a Porto-Campanh\u00e3, donde encontrar\u00e1 trenes regulares a Aveiro. La opci\u00f3n m\u00e1s econ\u00f3mica es coger el tren urbano (U). La opci\u00f3n m\u00e1s r\u00e1pida (pero m\u00e1s cara) es coger el tren Alfa Pendular (AP).<\/p>\n<\/div>\n\n\n\n<div class=\"wp-block-group is-vertical is-content-justification-left is-nowrap is-layout-flex wp-container-core-group-is-layout-3 wp-block-group-is-layout-flex\">\n<p class=\"has-x-large-font-size\" style=\"font-style:normal;font-weight:500\"><strong>From Lisbon to Aveiro<\/strong><\/p>\n\n\n\n<p class=\"has-large-font-size\">Si vuela a Lisboa, la mejor manera de viajar a Aveiro es tambi\u00e9n en <a href=\"https:\/\/www.cp.pt\/passageiros\/en\/train-times\">tren<\/a> (aproximadamente 2h30m de viaje). La mejor estaci\u00f3n de tren de Lisboa para este viaje es Lisboa-Oriente. El trayecto desde el aeropuerto de Lisboa hasta la estaci\u00f3n de Lisboa-Oriente se puede hacer en <a href=\"https:\/\/www.carris.pt\/\" target=\"_blank\" rel=\"noreferrer noopener\">autob\u00fas<\/a>, taxi\/Uber o metro (menos caro, unos 15 minutos). Puede coger el <a href=\"http:\/\/www.metrolisboa.pt\/eng\/\" target=\"_blank\" rel=\"noreferrer noopener\">metro<\/a> a la salida del aeropuerto y dirigirse a Lisboa-Oriente, donde encontrar\u00e1 trenes regulares a Aveiro. La opci\u00f3n m\u00e1s econ\u00f3mica es coger el tren Intercidades (IC). La opci\u00f3n m\u00e1s r\u00e1pida (pero m\u00e1s cara) es coger el tren Alfa Pendular (AP).<\/p>\n<\/div>\n<\/div>\n\n\n\n<div class=\"wp-block-group is-nowrap is-layout-flex wp-container-core-group-is-layout-5 wp-block-group-is-layout-flex\">\n<p class=\"has-large-font-size\"><strong>De la estaci\u00f3n de Aveiro a la Universidad de Aveiro<\/strong><br><br>La estaci\u00f3n de tren de Aveiro est\u00e1 a 2 km del Departamento de Educaci\u00f3n y Psicolog\u00eda de la Universidad de Aveiro. Puede hacer este trayecto a pie (aproximadamente 30 minutos), en autob\u00fas, taxi, Uber o autob\u00fas. Salga de la estaci\u00f3n de tren por su entrada principal, donde encontrar\u00e1 un bonito mural de azulejos.<\/p>\n<\/div>\n<\/div>\n<\/div>\n<\/div>\n\n\n\n<div class=\"wp-block-columns alignwide are-vertically-aligned-center is-layout-flex wp-container-core-columns-is-layout-3 wp-block-columns-is-layout-flex\">\n<div class=\"wp-block-column is-vertically-aligned-center is-layout-flow wp-block-column-is-layout-flow\">\n<div class=\"wp-block-group is-vertical is-content-justification-stretch is-layout-flex wp-container-core-group-is-layout-7 wp-block-group-is-layout-flex\" style=\"min-height:100%\">\n<h2 class=\"wp-block-heading is-style-text-display has-x-large-font-size is-style-text-display--1\">Contacto<\/h2>\n\n\n\n<p class=\"is-style-text-display has-large-font-size is-style-text-display--2\">dep-coloquio.fronteira@ua.pt<\/p>\n<\/div>\n<\/div>\n\n\n\n<div class=\"wp-block-column is-vertically-aligned-center is-layout-flow wp-block-column-is-layout-flow\">\n<figure class=\"wp-block-image size-large\"><img loading=\"lazy\" decoding=\"async\" width=\"1024\" height=\"682\" src=\"https:\/\/coloquiofronteiras.web.ua.pt\/wp-content\/uploads\/2025\/02\/DJI_0829-1024x682.jpg\" alt=\"\" class=\"wp-image-99\" srcset=\"https:\/\/coloquiofronteiras.web.ua.pt\/wp-content\/uploads\/2025\/02\/DJI_0829-1024x682.jpg 1024w, https:\/\/coloquiofronteiras.web.ua.pt\/wp-content\/uploads\/2025\/02\/DJI_0829-300x200.jpg 300w, https:\/\/coloquiofronteiras.web.ua.pt\/wp-content\/uploads\/2025\/02\/DJI_0829-768x512.jpg 768w, https:\/\/coloquiofronteiras.web.ua.pt\/wp-content\/uploads\/2025\/02\/DJI_0829-1536x1023.jpg 1536w, https:\/\/coloquiofronteiras.web.ua.pt\/wp-content\/uploads\/2025\/02\/DJI_0829-2048x1364.jpg 2048w\" sizes=\"auto, (max-width: 1024px) 100vw, 1024px\" \/><figcaption class=\"wp-element-caption\"><sub>Departamento de Educaci\u00f3n y Psicolog\u00eda (DEP) de la Universidad de Aveiro (UA) &#8211; edificios 5 y 18. Foto de la Universidad de Aveiro<\/sub><\/figcaption><\/figure>\n<\/div>\n<\/div>\n","protected":false},"excerpt":{"rendered":"<p>Universidad de Aveiro (UA) Departamento de Educaci\u00f3n y Psicolog\u00eda Campus Universitario de Santiago 3810-193 Aveiro \u2013 Portugal Tel\u00e9fono: (+351) 234 370 200 C\u00f3mo llegar De Oporto a Aveiro Si vuela a Oporto, la mejor forma de viajar a Aveiro es en tren (aproximadamente 1 hora de viaje). La mejor estaci\u00f3n de tren de Oporto para [&hellip;]<\/p>\n","protected":false},"author":3,"featured_media":0,"parent":0,"menu_order":5,"comment_status":"closed","ping_status":"closed","template":"","meta":{"footnotes":""},"class_list":["post-965","page","type-page","status-publish","hentry"],"_links":{"self":[{"href":"https:\/\/coloquiofronteiras.web.ua.pt\/index.php?rest_route=\/wp\/v2\/pages\/965","targetHints":{"allow":["GET"]}}],"collection":[{"href":"https:\/\/coloquiofronteiras.web.ua.pt\/index.php?rest_route=\/wp\/v2\/pages"}],"about":[{"href":"https:\/\/coloquiofronteiras.web.ua.pt\/index.php?rest_route=\/wp\/v2\/types\/page"}],"author":[{"embeddable":true,"href":"https:\/\/coloquiofronteiras.web.ua.pt\/index.php?rest_route=\/wp\/v2\/users\/3"}],"replies":[{"embeddable":true,"href":"https:\/\/coloquiofronteiras.web.ua.pt\/index.php?rest_route=%2Fwp%2Fv2%2Fcomments&post=965"}],"version-history":[{"count":2,"href":"https:\/\/coloquiofronteiras.web.ua.pt\/index.php?rest_route=\/wp\/v2\/pages\/965\/revisions"}],"predecessor-version":[{"id":992,"href":"https:\/\/coloquiofronteiras.web.ua.pt\/index.php?rest_route=\/wp\/v2\/pages\/965\/revisions\/992"}],"wp:attachment":[{"href":"https:\/\/coloquiofronteiras.web.ua.pt\/index.php?rest_route=%2Fwp%2Fv2%2Fmedia&parent=965"}],"curies":[{"name":"wp","href":"https:\/\/api.w.org\/{rel}","templated":true}]}}